{"id":14725,"date":"2023-04-20T18:48:27","date_gmt":"2023-04-20T16:48:27","guid":{"rendered":"https:\/\/www.fela.swiss\/?page_id=14725"},"modified":"2026-04-21T13:40:07","modified_gmt":"2026-04-21T11:40:07","slug":"fela-career","status":"publish","type":"page","link":"https:\/\/www.fela.swiss\/en\/about-us\/fela-career\/","title":{"rendered":"Career at fela"},"content":{"rendered":"\t\t<div data-elementor-type=\"wp-page\" data-elementor-id=\"14725\" class=\"elementor elementor-14725 elementor-13780\" data-elementor-post-type=\"page\">\n\t\t\t\t\t\t<section class=\"elementor-section elementor-top-section elementor-element elementor-element-c8c717a elementor-section-height-min-height elementor-section-content-middle elementor-section-boxed elementor-section-height-default elementor-section-items-middle\" data-id=\"c8c717a\" data-element_type=\"section\" data-e-type=\"section\" data-settings=\"{&quot;background_background&quot;:&quot;classic&quot;,&quot;animation&quot;:&quot;none&quot;}\">\n\t\t\t\t\t\t<div class=\"elementor-container elementor-column-gap-default\">\n\t\t\t\t\t<div class=\"elementor-column elementor-col-100 elementor-top-column elementor-element elementor-element-8765744\" data-id=\"8765744\" data-element_type=\"column\" data-e-type=\"column\" data-settings=\"{&quot;animation&quot;:&quot;none&quot;}\">\n\t\t\t<div class=\"elementor-widget-wrap elementor-element-populated\">\n\t\t\t\t\t\t<div class=\"elementor-element elementor-element-b1a4b71 elementor-widget__width-initial elementor-widget elementor-widget-heading\" data-id=\"b1a4b71\" data-element_type=\"widget\" data-e-type=\"widget\" data-settings=\"{&quot;_animation&quot;:&quot;none&quot;}\" data-widget_type=\"heading.default\">\n\t\t\t\t<div class=\"elementor-widget-container\">\n\t\t\t\t\t<h2 class=\"elementor-heading-title elementor-size-default\">Come in our <b>team<\/b><br> in Diessenhofen or Meisenheim.<\/h2>\t\t\t\t<\/div>\n\t\t\t\t<\/div>\n\t\t\t\t\t<\/div>\n\t\t<\/div>\n\t\t\t\t\t<\/div>\n\t\t<\/section>\n\t\t\t\t<section class=\"elementor-section elementor-top-section elementor-element elementor-element-1a8bec8 elementor-section-boxed elementor-section-height-default elementor-section-height-default\" data-id=\"1a8bec8\" data-element_type=\"section\" data-e-type=\"section\">\n\t\t\t\t\t\t<div class=\"elementor-container elementor-column-gap-default\">\n\t\t\t\t\t<div class=\"elementor-column elementor-col-100 elementor-top-column elementor-element elementor-element-27be8ed\" data-id=\"27be8ed\" data-element_type=\"column\" data-e-type=\"column\">\n\t\t\t<div class=\"elementor-widget-wrap elementor-element-populated\">\n\t\t\t\t\t\t<div class=\"elementor-element elementor-element-9cd40b1 elementor-widget elementor-widget-spacer\" data-id=\"9cd40b1\" data-element_type=\"widget\" data-e-type=\"widget\" data-widget_type=\"spacer.default\">\n\t\t\t\t<div class=\"elementor-widget-container\">\n\t\t\t\t\t\t\t<div class=\"elementor-spacer\">\n\t\t\t<div class=\"elementor-spacer-inner\"><\/div>\n\t\t<\/div>\n\t\t\t\t\t\t<\/div>\n\t\t\t\t<\/div>\n\t\t\t\t<div class=\"elementor-element elementor-element-80fa497 elementor-widget elementor-widget-heading\" data-id=\"80fa497\" data-element_type=\"widget\" data-e-type=\"widget\" data-widget_type=\"heading.default\">\n\t\t\t\t<div class=\"elementor-widget-container\">\n\t\t\t\t\t<h2 class=\"elementor-heading-title elementor-size-xl\">Career at fela<\/h2>\t\t\t\t<\/div>\n\t\t\t\t<\/div>\n\t\t\t\t<section class=\"elementor-section elementor-inner-section elementor-element elementor-element-9842034 elementor-section-boxed elementor-section-height-default elementor-section-height-default\" data-id=\"9842034\" data-element_type=\"section\" data-e-type=\"section\">\n\t\t\t\t\t\t<div class=\"elementor-container elementor-column-gap-default\">\n\t\t\t\t\t<div class=\"elementor-column elementor-col-50 elementor-inner-column elementor-element elementor-element-11527c6\" data-id=\"11527c6\" data-element_type=\"column\" data-e-type=\"column\">\n\t\t\t<div class=\"elementor-widget-wrap elementor-element-populated\">\n\t\t\t\t\t\t<div class=\"elementor-element elementor-element-7d89b3e elementor-widget elementor-widget-image\" data-id=\"7d89b3e\" data-element_type=\"widget\" data-e-type=\"widget\" download=\"\" dokumente=\"\" informationen=\"\" produktinformationen=\"\" pr=\"\" brosch=\"\" data-widget_type=\"image.default\">\n\t\t\t\t<div class=\"elementor-widget-container\">\n\t\t\t\t\t\t\t\t\t\t\t\t\t\t\t<img fetchpriority=\"high\" decoding=\"async\" width=\"430\" height=\"430\" src=\"https:\/\/www.fela.swiss\/wp-content\/uploads\/2023\/02\/Karriere-430x430.png\" class=\"attachment-bild_text size-bild_text wp-image-12951\" alt=\"\" srcset=\"https:\/\/www.fela.swiss\/wp-content\/uploads\/2023\/02\/Karriere-430x430.png 430w, https:\/\/www.fela.swiss\/wp-content\/uploads\/2023\/02\/Karriere-300x300.png 300w, https:\/\/www.fela.swiss\/wp-content\/uploads\/2023\/02\/Karriere-1024x1024.png 1024w, https:\/\/www.fela.swiss\/wp-content\/uploads\/2023\/02\/Karriere-150x150.png 150w, https:\/\/www.fela.swiss\/wp-content\/uploads\/2023\/02\/Karriere-768x768.png 768w, https:\/\/www.fela.swiss\/wp-content\/uploads\/2023\/02\/Karriere-500x500.png 500w, https:\/\/www.fela.swiss\/wp-content\/uploads\/2023\/02\/Karriere.png 1080w\" sizes=\"(max-width: 430px) 100vw, 430px\" \/>\t\t\t\t\t\t\t\t\t\t\t\t\t\t\t<\/div>\n\t\t\t\t<\/div>\n\t\t\t\t\t<\/div>\n\t\t<\/div>\n\t\t\t\t<div class=\"elementor-column elementor-col-50 elementor-inner-column elementor-element elementor-element-209c315\" data-id=\"209c315\" data-element_type=\"column\" data-e-type=\"column\">\n\t\t\t<div class=\"elementor-widget-wrap elementor-element-populated\">\n\t\t\t\t\t\t<div class=\"elementor-element elementor-element-3a0d8a6 elementor-widget elementor-widget-text-editor\" data-id=\"3a0d8a6\" data-element_type=\"widget\" data-e-type=\"widget\" data-widget_type=\"text-editor.default\">\n\t\t\t\t<div class=\"elementor-widget-container\">\n\t\t\t\t\t\t\t\t\t<h3><strong>Working at FELA \u2013 it is more than just a job.<\/strong><\/h3><br>A career at FELA means working on ever new and challenging projects in passenger information, ticketing, GPS-based IoT trackers for public transport, transportation and logistics.<br><br>Creative teamwork, brainstorming, coding, engineering, customized constructions, service and support. Our customer&#8217;s goal is key.<br><br>This enables us to design ingenious, optimum system solutions in close cooperation with and for our customers.<br><br>Do you want to get to know us? We also want to make your acquaintance!<br><br>Get in touch with us, even today. We will be glad to meet you.\t\t\t\t\t\t\t\t<\/div>\n\t\t\t\t<\/div>\n\t\t\t\t\t<\/div>\n\t\t<\/div>\n\t\t\t\t\t<\/div>\n\t\t<\/section>\n\t\t\t\t\t<\/div>\n\t\t<\/div>\n\t\t\t\t\t<\/div>\n\t\t<\/section>\n\t\t\t\t<section class=\"elementor-section elementor-top-section elementor-element elementor-element-fcf1441 elementor-section-boxed elementor-section-height-default elementor-section-height-default\" data-id=\"fcf1441\" data-element_type=\"section\" data-e-type=\"section\">\n\t\t\t\t\t\t<div class=\"elementor-container elementor-column-gap-default\">\n\t\t\t\t\t<div class=\"elementor-column elementor-col-100 elementor-top-column elementor-element elementor-element-c748a83\" data-id=\"c748a83\" data-element_type=\"column\" data-e-type=\"column\">\n\t\t\t<div class=\"elementor-widget-wrap elementor-element-populated\">\n\t\t\t\t\t\t<div class=\"elementor-element elementor-element-c1984cf elementor-widget elementor-widget-spacer\" data-id=\"c1984cf\" data-element_type=\"widget\" data-e-type=\"widget\" data-widget_type=\"spacer.default\">\n\t\t\t\t<div class=\"elementor-widget-container\">\n\t\t\t\t\t\t\t<div class=\"elementor-spacer\">\n\t\t\t<div class=\"elementor-spacer-inner\"><\/div>\n\t\t<\/div>\n\t\t\t\t\t\t<\/div>\n\t\t\t\t<\/div>\n\t\t\t\t<div class=\"elementor-element elementor-element-2e19073 elementor-widget elementor-widget-heading\" data-id=\"2e19073\" data-element_type=\"widget\" data-e-type=\"widget\" data-widget_type=\"heading.default\">\n\t\t\t\t<div class=\"elementor-widget-container\">\n\t\t\t\t\t<h2 class=\"elementor-heading-title elementor-size-large\">Open positions at FELA<\/h2>\t\t\t\t<\/div>\n\t\t\t\t<\/div>\n\t\t\t\t<div class=\"elementor-element elementor-element-440e847 elementor-widget elementor-widget-spacer\" data-id=\"440e847\" data-element_type=\"widget\" data-e-type=\"widget\" data-widget_type=\"spacer.default\">\n\t\t\t\t<div class=\"elementor-widget-container\">\n\t\t\t\t\t\t\t<div class=\"elementor-spacer\">\n\t\t\t<div class=\"elementor-spacer-inner\"><\/div>\n\t\t<\/div>\n\t\t\t\t\t\t<\/div>\n\t\t\t\t<\/div>\n\t\t\t\t\t<\/div>\n\t\t<\/div>\n\t\t\t\t\t<\/div>\n\t\t<\/section>\n\t\t\t\t<section class=\"elementor-section elementor-top-section elementor-element elementor-element-b7aedd1 elementor-section-boxed elementor-section-height-default elementor-section-height-default\" data-id=\"b7aedd1\" data-element_type=\"section\" data-e-type=\"section\">\n\t\t\t\t\t\t<div class=\"elementor-container elementor-column-gap-default\">\n\t\t\t\t\t<div class=\"elementor-column elementor-col-100 elementor-top-column elementor-element elementor-element-cfc8c41\" data-id=\"cfc8c41\" data-element_type=\"column\" data-e-type=\"column\">\n\t\t\t<div class=\"elementor-widget-wrap elementor-element-populated\">\n\t\t\t\t\t\t<section class=\"elementor-section elementor-inner-section elementor-element elementor-element-cc818d9 elementor-section-boxed elementor-section-height-default elementor-section-height-default\" data-id=\"cc818d9\" data-element_type=\"section\" data-e-type=\"section\">\n\t\t\t\t\t\t<div class=\"elementor-container elementor-column-gap-default\">\n\t\t\t\t\t<div class=\"elementor-column elementor-col-50 elementor-inner-column elementor-element elementor-element-d075f51\" data-id=\"d075f51\" data-element_type=\"column\" data-e-type=\"column\">\n\t\t\t<div class=\"elementor-widget-wrap elementor-element-populated\">\n\t\t\t\t\t\t<div class=\"elementor-element elementor-element-3ecf613 elementor-widget elementor-widget-heading\" data-id=\"3ecf613\" data-element_type=\"widget\" data-e-type=\"widget\" data-widget_type=\"heading.default\">\n\t\t\t\t<div class=\"elementor-widget-container\">\n\t\t\t\t\t<h3 class=\"elementor-heading-title elementor-size-default\">Diessenhofen<\/h3>\t\t\t\t<\/div>\n\t\t\t\t<\/div>\n\t\t\t\t\t<\/div>\n\t\t<\/div>\n\t\t\t\t<div class=\"elementor-column elementor-col-50 elementor-inner-column elementor-element elementor-element-059c701\" data-id=\"059c701\" data-element_type=\"column\" data-e-type=\"column\">\n\t\t\t<div class=\"elementor-widget-wrap elementor-element-populated\">\n\t\t\t\t\t\t<div class=\"elementor-element elementor-element-8deab75 elementor-icon-list--layout-traditional elementor-list-item-link-full_width elementor-widget elementor-widget-icon-list\" data-id=\"8deab75\" data-element_type=\"widget\" data-e-type=\"widget\" data-widget_type=\"icon-list.default\">\n\t\t\t\t<div class=\"elementor-widget-container\">\n\t\t\t\t\t\t\t<ul class=\"elementor-icon-list-items\">\n\t\t\t\t\t\t\t<li class=\"elementor-icon-list-item\">\n\t\t\t\t\t\t\t\t\t\t\t<a href=\"https:\/\/www.fela.swiss\/wp-content\/uploads\/2026\/03\/Stelle-Service-Elektrotechniker.pdf\" target=\"_blank\">\n\n\t\t\t\t\t\t\t\t\t\t\t\t<span class=\"elementor-icon-list-icon\">\n\t\t\t\t\t\t\t<i aria-hidden=\"true\" class=\"far fa-file-pdf\"><\/i>\t\t\t\t\t\t<\/span>\n\t\t\t\t\t\t\t\t\t\t<span class=\"elementor-icon-list-text\">Service Electrical Technician \/ Service Engineer (m\/f\/d) 80-100% - also suitable for career changers<\/span>\n\t\t\t\t\t\t\t\t\t\t\t<\/a>\n\t\t\t\t\t\t\t\t\t<\/li>\n\t\t\t\t\t\t<\/ul>\n\t\t\t\t\t\t<\/div>\n\t\t\t\t<\/div>\n\t\t\t\t\t<\/div>\n\t\t<\/div>\n\t\t\t\t\t<\/div>\n\t\t<\/section>\n\t\t\t\t\t<\/div>\n\t\t<\/div>\n\t\t\t\t\t<\/div>\n\t\t<\/section>\n\t\t\t\t<section class=\"elementor-section elementor-top-section elementor-element elementor-element-c34cec4 elementor-section-boxed elementor-section-height-default elementor-section-height-default\" data-id=\"c34cec4\" data-element_type=\"section\" data-e-type=\"section\">\n\t\t\t\t\t\t<div class=\"elementor-container elementor-column-gap-default\">\n\t\t\t\t\t<div class=\"elementor-column elementor-col-100 elementor-top-column elementor-element elementor-element-c130582\" data-id=\"c130582\" data-element_type=\"column\" data-e-type=\"column\">\n\t\t\t<div class=\"elementor-widget-wrap\">\n\t\t\t\t\t\t\t<\/div>\n\t\t<\/div>\n\t\t\t\t\t<\/div>\n\t\t<\/section>\n\t\t\t\t<section class=\"elementor-section elementor-top-section elementor-element elementor-element-462ab7f elementor-section-boxed elementor-section-height-default elementor-section-height-default\" data-id=\"462ab7f\" data-element_type=\"section\" data-e-type=\"section\">\n\t\t\t\t\t\t<div class=\"elementor-container elementor-column-gap-default\">\n\t\t\t\t\t<div class=\"elementor-column elementor-col-100 elementor-top-column elementor-element elementor-element-bde294e\" data-id=\"bde294e\" data-element_type=\"column\" data-e-type=\"column\">\n\t\t\t<div class=\"elementor-widget-wrap elementor-element-populated\">\n\t\t\t\t\t\t\t<\/div>\n\t\t<\/div>\n\t\t\t\t\t<\/div>\n\t\t<\/section>\n\t\t\t\t<\/div>\n\t\t","protected":false},"excerpt":{"rendered":"<p>Come in our team in Diessenhofen or Meisenheim. Career at fela Working at FELA \u2013 it is more than just a job. A career at FELA means working on ever new and challenging projects in passenger information, ticketing, GPS-based IoT trackers for public transport, transportation and logistics. Creative teamwork, brainstorming, coding, engineering, customized constructions, service [&hellip;]<\/p>\n","protected":false},"author":10,"featured_media":0,"parent":14648,"menu_order":50,"comment_status":"closed","ping_status":"closed","template":"elementor_header_footer","meta":{"_acf_changed":false,"footnotes":"","_links_to":"","_links_to_target":""},"class_list":["post-14725","page","type-page","status-publish","hentry"],"acf":[],"yoast_head":"<!-- This site is optimized with the Yoast SEO plugin v26.8 - https:\/\/yoast.com\/product\/yoast-seo-wordpress\/ -->\n<title>Career at fela FELA Management AG<\/title>\n<meta name=\"description\" content=\"Career at FELA is more than just a job. Creative teamwork, brainstorming, coding, engineering, customized constructions, service and support.\" \/>\n<meta name=\"robots\" content=\"index, follow, max-snippet:-1, max-image-preview:large, max-video-preview:-1\" \/>\n<link rel=\"canonical\" href=\"https:\/\/www.fela.swiss\/en\/about-us\/fela-career\/\" \/>\n<meta property=\"og:locale\" content=\"en_US\" \/>\n<meta property=\"og:type\" content=\"article\" \/>\n<meta property=\"og:title\" content=\"Career at fela FELA Management AG\" \/>\n<meta property=\"og:description\" content=\"Career at FELA is more than just a job. Creative teamwork, brainstorming, coding, engineering, customized constructions, service and support.\" \/>\n<meta property=\"og:url\" content=\"https:\/\/www.fela.swiss\/en\/about-us\/fela-career\/\" \/>\n<meta property=\"og:site_name\" content=\"FELA Management AG\" \/>\n<meta property=\"article:modified_time\" content=\"2026-04-21T11:40:07+00:00\" \/>\n<meta property=\"og:image\" content=\"https:\/\/www.fela.swiss\/wp-content\/uploads\/2023\/02\/Karriere.png\" \/>\n\t<meta property=\"og:image:width\" content=\"1080\" \/>\n\t<meta property=\"og:image:height\" content=\"1080\" \/>\n\t<meta property=\"og:image:type\" content=\"image\/png\" \/>\n<meta name=\"twitter:card\" content=\"summary_large_image\" \/>\n<meta name=\"twitter:label1\" content=\"Est. reading time\" \/>\n\t<meta name=\"twitter:data1\" content=\"1 minute\" \/>\n<script type=\"application\/ld+json\" class=\"yoast-schema-graph\">{\"@context\":\"https:\/\/schema.org\",\"@graph\":[{\"@type\":\"WebPage\",\"@id\":\"https:\/\/www.fela.swiss\/en\/about-us\/fela-career\/\",\"url\":\"https:\/\/www.fela.swiss\/en\/about-us\/fela-career\/\",\"name\":\"Career at fela FELA Management AG\",\"isPartOf\":{\"@id\":\"https:\/\/www.fela.swiss\/en\/#website\"},\"primaryImageOfPage\":{\"@id\":\"https:\/\/www.fela.swiss\/en\/about-us\/fela-career\/#primaryimage\"},\"image\":{\"@id\":\"https:\/\/www.fela.swiss\/en\/about-us\/fela-career\/#primaryimage\"},\"thumbnailUrl\":\"https:\/\/www.fela.swiss\/wp-content\/uploads\/2023\/02\/Karriere-430x430.png\",\"datePublished\":\"2023-04-20T16:48:27+00:00\",\"dateModified\":\"2026-04-21T11:40:07+00:00\",\"description\":\"Career at FELA is more than just a job. Creative teamwork, brainstorming, coding, engineering, customized constructions, service and support.\",\"breadcrumb\":{\"@id\":\"https:\/\/www.fela.swiss\/en\/about-us\/fela-career\/#breadcrumb\"},\"inLanguage\":\"en-US\",\"potentialAction\":[{\"@type\":\"ReadAction\",\"target\":[\"https:\/\/www.fela.swiss\/en\/about-us\/fela-career\/\"]}]},{\"@type\":\"ImageObject\",\"inLanguage\":\"en-US\",\"@id\":\"https:\/\/www.fela.swiss\/en\/about-us\/fela-career\/#primaryimage\",\"url\":\"https:\/\/www.fela.swiss\/wp-content\/uploads\/2023\/02\/Karriere-430x430.png\",\"contentUrl\":\"https:\/\/www.fela.swiss\/wp-content\/uploads\/2023\/02\/Karriere-430x430.png\"},{\"@type\":\"BreadcrumbList\",\"@id\":\"https:\/\/www.fela.swiss\/en\/about-us\/fela-career\/#breadcrumb\",\"itemListElement\":[{\"@type\":\"ListItem\",\"position\":1,\"name\":\"Startseite\",\"item\":\"https:\/\/www.fela.swiss\/en\/\"},{\"@type\":\"ListItem\",\"position\":2,\"name\":\"About FELA\",\"item\":\"https:\/\/www.fela.swiss\/en\/about-us\/\"},{\"@type\":\"ListItem\",\"position\":3,\"name\":\"Career at fela\"}]},{\"@type\":\"WebSite\",\"@id\":\"https:\/\/www.fela.swiss\/en\/#website\",\"url\":\"https:\/\/www.fela.swiss\/en\/\",\"name\":\"FELA Management AG\",\"description\":\"Individuelle Systeml\u00f6sungen f\u00fcr den \u00f6ffentlichen Verkehr\",\"potentialAction\":[{\"@type\":\"SearchAction\",\"target\":{\"@type\":\"EntryPoint\",\"urlTemplate\":\"https:\/\/www.fela.swiss\/en\/?s={search_term_string}\"},\"query-input\":{\"@type\":\"PropertyValueSpecification\",\"valueRequired\":true,\"valueName\":\"search_term_string\"}}],\"inLanguage\":\"en-US\"}]}<\/script>\n<!-- \/ Yoast SEO plugin. -->","yoast_head_json":{"title":"Career at fela FELA Management AG","description":"Career at FELA is more than just a job. Creative teamwork, brainstorming, coding, engineering, customized constructions, service and support.","robots":{"index":"index","follow":"follow","max-snippet":"max-snippet:-1","max-image-preview":"max-image-preview:large","max-video-preview":"max-video-preview:-1"},"canonical":"https:\/\/www.fela.swiss\/en\/about-us\/fela-career\/","og_locale":"en_US","og_type":"article","og_title":"Career at fela FELA Management AG","og_description":"Career at FELA is more than just a job. Creative teamwork, brainstorming, coding, engineering, customized constructions, service and support.","og_url":"https:\/\/www.fela.swiss\/en\/about-us\/fela-career\/","og_site_name":"FELA Management AG","article_modified_time":"2026-04-21T11:40:07+00:00","og_image":[{"width":1080,"height":1080,"url":"https:\/\/www.fela.swiss\/wp-content\/uploads\/2023\/02\/Karriere.png","type":"image\/png"}],"twitter_card":"summary_large_image","twitter_misc":{"Est. reading time":"1 minute"},"schema":{"@context":"https:\/\/schema.org","@graph":[{"@type":"WebPage","@id":"https:\/\/www.fela.swiss\/en\/about-us\/fela-career\/","url":"https:\/\/www.fela.swiss\/en\/about-us\/fela-career\/","name":"Career at fela FELA Management AG","isPartOf":{"@id":"https:\/\/www.fela.swiss\/en\/#website"},"primaryImageOfPage":{"@id":"https:\/\/www.fela.swiss\/en\/about-us\/fela-career\/#primaryimage"},"image":{"@id":"https:\/\/www.fela.swiss\/en\/about-us\/fela-career\/#primaryimage"},"thumbnailUrl":"https:\/\/www.fela.swiss\/wp-content\/uploads\/2023\/02\/Karriere-430x430.png","datePublished":"2023-04-20T16:48:27+00:00","dateModified":"2026-04-21T11:40:07+00:00","description":"Career at FELA is more than just a job. Creative teamwork, brainstorming, coding, engineering, customized constructions, service and support.","breadcrumb":{"@id":"https:\/\/www.fela.swiss\/en\/about-us\/fela-career\/#breadcrumb"},"inLanguage":"en-US","potentialAction":[{"@type":"ReadAction","target":["https:\/\/www.fela.swiss\/en\/about-us\/fela-career\/"]}]},{"@type":"ImageObject","inLanguage":"en-US","@id":"https:\/\/www.fela.swiss\/en\/about-us\/fela-career\/#primaryimage","url":"https:\/\/www.fela.swiss\/wp-content\/uploads\/2023\/02\/Karriere-430x430.png","contentUrl":"https:\/\/www.fela.swiss\/wp-content\/uploads\/2023\/02\/Karriere-430x430.png"},{"@type":"BreadcrumbList","@id":"https:\/\/www.fela.swiss\/en\/about-us\/fela-career\/#breadcrumb","itemListElement":[{"@type":"ListItem","position":1,"name":"Startseite","item":"https:\/\/www.fela.swiss\/en\/"},{"@type":"ListItem","position":2,"name":"About FELA","item":"https:\/\/www.fela.swiss\/en\/about-us\/"},{"@type":"ListItem","position":3,"name":"Career at fela"}]},{"@type":"WebSite","@id":"https:\/\/www.fela.swiss\/en\/#website","url":"https:\/\/www.fela.swiss\/en\/","name":"FELA Management AG","description":"Individuelle Systeml\u00f6sungen f\u00fcr den \u00f6ffentlichen Verkehr","potentialAction":[{"@type":"SearchAction","target":{"@type":"EntryPoint","urlTemplate":"https:\/\/www.fela.swiss\/en\/?s={search_term_string}"},"query-input":{"@type":"PropertyValueSpecification","valueRequired":true,"valueName":"search_term_string"}}],"inLanguage":"en-US"}]}},"_links":{"self":[{"href":"https:\/\/www.fela.swiss\/en\/wp-json\/wp\/v2\/pages\/14725","targetHints":{"allow":["GET"]}}],"collection":[{"href":"https:\/\/www.fela.swiss\/en\/wp-json\/wp\/v2\/pages"}],"about":[{"href":"https:\/\/www.fela.swiss\/en\/wp-json\/wp\/v2\/types\/page"}],"author":[{"embeddable":true,"href":"https:\/\/www.fela.swiss\/en\/wp-json\/wp\/v2\/users\/10"}],"replies":[{"embeddable":true,"href":"https:\/\/www.fela.swiss\/en\/wp-json\/wp\/v2\/comments?post=14725"}],"version-history":[{"count":128,"href":"https:\/\/www.fela.swiss\/en\/wp-json\/wp\/v2\/pages\/14725\/revisions"}],"predecessor-version":[{"id":22031,"href":"https:\/\/www.fela.swiss\/en\/wp-json\/wp\/v2\/pages\/14725\/revisions\/22031"}],"up":[{"embeddable":true,"href":"https:\/\/www.fela.swiss\/en\/wp-json\/wp\/v2\/pages\/14648"}],"wp:attachment":[{"href":"https:\/\/www.fela.swiss\/en\/wp-json\/wp\/v2\/media?parent=14725"}],"curies":[{"name":"wp","href":"https:\/\/api.w.org\/{rel}","templated":true}]}}