{"id":20364,"date":"2024-06-07T17:44:56","date_gmt":"2024-06-07T15:44:56","guid":{"rendered":"https:\/\/www.fela.swiss\/?page_id=20364"},"modified":"2024-06-10T11:40:40","modified_gmt":"2024-06-10T09:40:40","slug":"contact-2","status":"publish","type":"page","link":"https:\/\/www.fela.swiss\/en\/contact-2\/","title":{"rendered":"Contact"},"content":{"rendered":"\t\t<div data-elementor-type=\"wp-page\" data-elementor-id=\"20364\" class=\"elementor elementor-20364 elementor-20363\" data-elementor-post-type=\"page\">\n\t\t\t\t\t\t<section class=\"elementor-section elementor-top-section elementor-element elementor-element-25e8864 elementor-section-boxed elementor-section-height-default elementor-section-height-default\" data-id=\"25e8864\" data-element_type=\"section\" data-e-type=\"section\">\n\t\t\t\t\t\t<div class=\"elementor-container elementor-column-gap-default\">\n\t\t\t\t\t<div class=\"elementor-column elementor-col-100 elementor-top-column elementor-element elementor-element-5741d78\" data-id=\"5741d78\" data-element_type=\"column\" data-e-type=\"column\">\n\t\t\t<div class=\"elementor-widget-wrap elementor-element-populated\">\n\t\t\t\t\t\t<div class=\"elementor-element elementor-element-9281d4f elementor-widget elementor-widget-breadcrumbs\" data-id=\"9281d4f\" data-element_type=\"widget\" data-e-type=\"widget\" data-widget_type=\"breadcrumbs.default\">\n\t\t\t\t<div class=\"elementor-widget-container\">\n\t\t\t\t\t<p id=\"breadcrumbs\"><span><span><a href=\"https:\/\/www.fela.swiss\/en\/\">Startseite<\/a><\/span><\/span><\/p>\t\t\t\t<\/div>\n\t\t\t\t<\/div>\n\t\t\t\t<div class=\"elementor-element elementor-element-13c6ac7 elementor-widget elementor-widget-heading\" data-id=\"13c6ac7\" data-element_type=\"widget\" data-e-type=\"widget\" data-widget_type=\"heading.default\">\n\t\t\t\t<div class=\"elementor-widget-container\">\n\t\t\t\t\t<h1 class=\"elementor-heading-title elementor-size-default\">Contact<\/h1>\t\t\t\t<\/div>\n\t\t\t\t<\/div>\n\t\t\t\t<div class=\"elementor-element elementor-element-fe44e3d elementor-widget elementor-widget-heading\" data-id=\"fe44e3d\" data-element_type=\"widget\" data-e-type=\"widget\" data-widget_type=\"heading.default\">\n\t\t\t\t<div class=\"elementor-widget-container\">\n\t\t\t\t\t<h2 class=\"elementor-heading-title elementor-size-default\"><strong>FELA<\/strong> Management AG<\/h2>\t\t\t\t<\/div>\n\t\t\t\t<\/div>\n\t\t\t\t<div class=\"elementor-element elementor-element-1f61844 elementor-widget elementor-widget-text-editor\" data-id=\"1f61844\" data-element_type=\"widget\" data-e-type=\"widget\" data-widget_type=\"text-editor.default\">\n\t\t\t\t<div class=\"elementor-widget-container\">\n\t\t\t\t\t\t\t\t\t<div class=\"row zweispalter \">\n<div class=\"col-xs-12 text_100_inhalt\">\n<p>Basadingerstrasse 18<br \/>CH-8253 Diessenhofen<\/p>\n<p>Telephone: +41 52 646 46 46<br \/>Fax: +41 52 646 46 96<br \/>E-Mail:\u00a0<a href=\"mailto:info@fela.ch\" target=\"_blank\" rel=\"noopener\">info@fela.ch<\/a><\/p>\n<\/div>\n<\/div>\n\t\t\t\t\t\t\t\t<\/div>\n\t\t\t\t<\/div>\n\t\t\t\t<div class=\"elementor-element elementor-element-eb1a2a3 elementor-widget elementor-widget-heading\" data-id=\"eb1a2a3\" data-element_type=\"widget\" data-e-type=\"widget\" data-widget_type=\"heading.default\">\n\t\t\t\t<div class=\"elementor-widget-container\">\n\t\t\t\t\t<h2 class=\"elementor-heading-title elementor-size-default\">Contact form<\/h2>\t\t\t\t<\/div>\n\t\t\t\t<\/div>\n\t\t\t\t<div class=\"elementor-element elementor-element-786c618 elementor-widget elementor-widget-shortcode\" data-id=\"786c618\" data-element_type=\"widget\" data-e-type=\"widget\" data-widget_type=\"shortcode.default\">\n\t\t\t\t<div class=\"elementor-widget-container\">\n\t\t\t\t\t\t\t<div class=\"elementor-shortcode\"><p class=\"wpcf7-contact-form-not-found\"><strong>Error:<\/strong> Contact form not found.<\/p><\/div>\n\t\t\t\t\t\t<\/div>\n\t\t\t\t<\/div>\n\t\t\t\t<div class=\"elementor-element elementor-element-aa220fa elementor-widget elementor-widget-heading\" data-id=\"aa220fa\" data-element_type=\"widget\" data-e-type=\"widget\" data-widget_type=\"heading.default\">\n\t\t\t\t<div class=\"elementor-widget-container\">\n\t\t\t\t\t<h2 class=\"elementor-heading-title elementor-size-default\">How to find us<\/h2>\t\t\t\t<\/div>\n\t\t\t\t<\/div>\n\t\t\t\t<div class=\"elementor-element elementor-element-999854a elementor-widget elementor-widget-google_maps\" data-id=\"999854a\" data-element_type=\"widget\" data-e-type=\"widget\" data-widget_type=\"google_maps.default\">\n\t\t\t\t<div class=\"elementor-widget-container\">\n\t\t\t\t\t\t\t<div class=\"elementor-custom-embed\">\n\t\t\t <div class=\"brlbs-cmpnt-container brlbs-cmpnt-content-blocker brlbs-cmpnt-with-individual-styles\" data-borlabs-cookie-content-blocker-id=\"google-maps\" data-borlabs-cookie-content=\"PGlmcmFtZSBsb2FkaW5nPSJsYXp5IgoJCQkJCXNyYz0iaHR0cHM6Ly9tYXBzLmdvb2dsZS5jb20vbWFwcz9xPUZlbGElMjBNYW5hZ2VtZW50JTJDJTIwQmFzYWRpbmdlcnN0cmFzc2UlMjAxOCUyQyUyMERpZXNzZW5ob2YmIzAzODt0PW0mIzAzODt6PTEwJiMwMzg7b3V0cHV0PWVtYmVkJiMwMzg7aXdsb2M9bmVhciIKCQkJCQl0aXRsZT0iRmVsYSBNYW5hZ2VtZW50LCBCYXNhZGluZ2Vyc3RyYXNzZSAxOCwgRGllc3NlbmhvZiIKCQkJCQlhcmlhLWxhYmVsPSJGZWxhIE1hbmFnZW1lbnQsIEJhc2FkaW5nZXJzdHJhc3NlIDE4LCBEaWVzc2VuaG9mIgoJCQk+PC9pZnJhbWU+\"><div class=\"brlbs-cmpnt-cb-preset-b brlbs-cmpnt-cb-google-maps\"> <div class=\"brlbs-cmpnt-cb-thumbnail\" style=\"background-image: url('https:\/\/www.fela.swiss\/wp-content\/uploads\/borlabs-cookie\/1\/brlbs-cb-google-maps-main.png')\"><\/div> <div class=\"brlbs-cmpnt-cb-main\"> <div class=\"brlbs-cmpnt-cb-content\"> <p class=\"brlbs-cmpnt-cb-description\">You are currently viewing a placeholder content from <strong>Google Maps<\/strong>. To access the actual content, click the button below. Please note that doing so will share data with third-party providers.<\/p> <a class=\"brlbs-cmpnt-cb-provider-toggle\" href=\"#\" data-borlabs-cookie-show-provider-information role=\"button\">More Information<\/a> <\/div> <div class=\"brlbs-cmpnt-cb-buttons\"> <a class=\"brlbs-cmpnt-cb-btn\" href=\"#\" data-borlabs-cookie-unblock role=\"button\">Unblock content<\/a> <a class=\"brlbs-cmpnt-cb-btn\" href=\"#\" data-borlabs-cookie-accept-service role=\"button\" style=\"display: inherit\">Accept required service and unblock content<\/a> <\/div> <\/div> <\/div><\/div>\n\t\t<\/div>\n\t\t\t\t\t\t<\/div>\n\t\t\t\t<\/div>\n\t\t\t\t\t<\/div>\n\t\t<\/div>\n\t\t\t\t\t<\/div>\n\t\t<\/section>\n\t\t\t\t<\/div>\n\t\t","protected":false},"excerpt":{"rendered":"<p>Contact FELA Management AG Basadingerstrasse 18CH-8253 Diessenhofen Telephone: +41 52 646 46 46Fax: +41 52 646 46 96E-Mail:\u00a0info@fela.ch Contact form How to find us You are currently viewing a placeholder content from Google Maps. To access the actual content, click the button below. Please note that doing so will share data with third-party providers. More [&hellip;]<\/p>\n","protected":false},"author":1,"featured_media":0,"parent":0,"menu_order":70,"comment_status":"closed","ping_status":"closed","template":"elementor_header_footer","meta":{"_acf_changed":false,"footnotes":"","_links_to":"","_links_to_target":""},"class_list":["post-20364","page","type-page","status-publish","hentry"],"acf":[],"yoast_head":"<!-- This site is optimized with the Yoast SEO plugin v26.8 - https:\/\/yoast.com\/product\/yoast-seo-wordpress\/ -->\n<title>FELA | Contact | We look forward to your inquiry!<\/title>\n<meta name=\"description\" content=\"FELA Management AG | \u2713 Contact form \u2713 Phone number \u2713 E-mail address \u2713 Address \u25ba Contact us now for questions.\" \/>\n<meta name=\"robots\" content=\"index, follow, max-snippet:-1, max-image-preview:large, max-video-preview:-1\" \/>\n<link rel=\"canonical\" href=\"https:\/\/www.fela.swiss\/en\/contact-2\/\" \/>\n<meta property=\"og:locale\" content=\"en_US\" \/>\n<meta property=\"og:type\" content=\"article\" \/>\n<meta property=\"og:title\" content=\"FELA | Contact | We look forward to your inquiry!\" \/>\n<meta property=\"og:description\" content=\"FELA Management AG | \u2713 Contact form \u2713 Phone number \u2713 E-mail address \u2713 Address \u25ba Contact us now for questions.\" \/>\n<meta property=\"og:url\" content=\"https:\/\/www.fela.swiss\/en\/contact-2\/\" \/>\n<meta property=\"og:site_name\" content=\"FELA Management AG\" \/>\n<meta property=\"article:modified_time\" content=\"2024-06-10T09:40:40+00:00\" \/>\n<meta name=\"twitter:card\" content=\"summary_large_image\" \/>\n<meta name=\"twitter:label1\" content=\"Est. reading time\" \/>\n\t<meta name=\"twitter:data1\" content=\"1 minute\" \/>\n<script type=\"application\/ld+json\" class=\"yoast-schema-graph\">{\"@context\":\"https:\/\/schema.org\",\"@graph\":[{\"@type\":\"WebPage\",\"@id\":\"https:\/\/www.fela.swiss\/en\/contact-2\/\",\"url\":\"https:\/\/www.fela.swiss\/en\/contact-2\/\",\"name\":\"FELA | Contact | We look forward to your inquiry!\",\"isPartOf\":{\"@id\":\"https:\/\/www.fela.swiss\/en\/#website\"},\"datePublished\":\"2024-06-07T15:44:56+00:00\",\"dateModified\":\"2024-06-10T09:40:40+00:00\",\"description\":\"FELA Management AG | \u2713 Contact form \u2713 Phone number \u2713 E-mail address \u2713 Address \u25ba Contact us now for questions.\",\"breadcrumb\":{\"@id\":\"https:\/\/www.fela.swiss\/en\/contact-2\/#breadcrumb\"},\"inLanguage\":\"en-US\",\"potentialAction\":[{\"@type\":\"ReadAction\",\"target\":[\"https:\/\/www.fela.swiss\/en\/contact-2\/\"]}]},{\"@type\":\"BreadcrumbList\",\"@id\":\"https:\/\/www.fela.swiss\/en\/contact-2\/#breadcrumb\",\"itemListElement\":[{\"@type\":\"ListItem\",\"position\":1,\"name\":\"Startseite\",\"item\":\"https:\/\/www.fela.swiss\/en\/\"},{\"@type\":\"ListItem\",\"position\":2,\"name\":\"Contact\"}]},{\"@type\":\"WebSite\",\"@id\":\"https:\/\/www.fela.swiss\/en\/#website\",\"url\":\"https:\/\/www.fela.swiss\/en\/\",\"name\":\"FELA Management AG\",\"description\":\"Individuelle Systeml\u00f6sungen f\u00fcr den \u00f6ffentlichen Verkehr\",\"potentialAction\":[{\"@type\":\"SearchAction\",\"target\":{\"@type\":\"EntryPoint\",\"urlTemplate\":\"https:\/\/www.fela.swiss\/en\/?s={search_term_string}\"},\"query-input\":{\"@type\":\"PropertyValueSpecification\",\"valueRequired\":true,\"valueName\":\"search_term_string\"}}],\"inLanguage\":\"en-US\"}]}<\/script>\n<!-- \/ Yoast SEO plugin. -->","yoast_head_json":{"title":"FELA | Contact | We look forward to your inquiry!","description":"FELA Management AG | \u2713 Contact form \u2713 Phone number \u2713 E-mail address \u2713 Address \u25ba Contact us now for questions.","robots":{"index":"index","follow":"follow","max-snippet":"max-snippet:-1","max-image-preview":"max-image-preview:large","max-video-preview":"max-video-preview:-1"},"canonical":"https:\/\/www.fela.swiss\/en\/contact-2\/","og_locale":"en_US","og_type":"article","og_title":"FELA | Contact | We look forward to your inquiry!","og_description":"FELA Management AG | \u2713 Contact form \u2713 Phone number \u2713 E-mail address \u2713 Address \u25ba Contact us now for questions.","og_url":"https:\/\/www.fela.swiss\/en\/contact-2\/","og_site_name":"FELA Management AG","article_modified_time":"2024-06-10T09:40:40+00:00","twitter_card":"summary_large_image","twitter_misc":{"Est. reading time":"1 minute"},"schema":{"@context":"https:\/\/schema.org","@graph":[{"@type":"WebPage","@id":"https:\/\/www.fela.swiss\/en\/contact-2\/","url":"https:\/\/www.fela.swiss\/en\/contact-2\/","name":"FELA | Contact | We look forward to your inquiry!","isPartOf":{"@id":"https:\/\/www.fela.swiss\/en\/#website"},"datePublished":"2024-06-07T15:44:56+00:00","dateModified":"2024-06-10T09:40:40+00:00","description":"FELA Management AG | \u2713 Contact form \u2713 Phone number \u2713 E-mail address \u2713 Address \u25ba Contact us now for questions.","breadcrumb":{"@id":"https:\/\/www.fela.swiss\/en\/contact-2\/#breadcrumb"},"inLanguage":"en-US","potentialAction":[{"@type":"ReadAction","target":["https:\/\/www.fela.swiss\/en\/contact-2\/"]}]},{"@type":"BreadcrumbList","@id":"https:\/\/www.fela.swiss\/en\/contact-2\/#breadcrumb","itemListElement":[{"@type":"ListItem","position":1,"name":"Startseite","item":"https:\/\/www.fela.swiss\/en\/"},{"@type":"ListItem","position":2,"name":"Contact"}]},{"@type":"WebSite","@id":"https:\/\/www.fela.swiss\/en\/#website","url":"https:\/\/www.fela.swiss\/en\/","name":"FELA Management AG","description":"Individuelle Systeml\u00f6sungen f\u00fcr den \u00f6ffentlichen Verkehr","potentialAction":[{"@type":"SearchAction","target":{"@type":"EntryPoint","urlTemplate":"https:\/\/www.fela.swiss\/en\/?s={search_term_string}"},"query-input":{"@type":"PropertyValueSpecification","valueRequired":true,"valueName":"search_term_string"}}],"inLanguage":"en-US"}]}},"_links":{"self":[{"href":"https:\/\/www.fela.swiss\/en\/wp-json\/wp\/v2\/pages\/20364","targetHints":{"allow":["GET"]}}],"collection":[{"href":"https:\/\/www.fela.swiss\/en\/wp-json\/wp\/v2\/pages"}],"about":[{"href":"https:\/\/www.fela.swiss\/en\/wp-json\/wp\/v2\/types\/page"}],"author":[{"embeddable":true,"href":"https:\/\/www.fela.swiss\/en\/wp-json\/wp\/v2\/users\/1"}],"replies":[{"embeddable":true,"href":"https:\/\/www.fela.swiss\/en\/wp-json\/wp\/v2\/comments?post=20364"}],"version-history":[{"count":34,"href":"https:\/\/www.fela.swiss\/en\/wp-json\/wp\/v2\/pages\/20364\/revisions"}],"predecessor-version":[{"id":20483,"href":"https:\/\/www.fela.swiss\/en\/wp-json\/wp\/v2\/pages\/20364\/revisions\/20483"}],"wp:attachment":[{"href":"https:\/\/www.fela.swiss\/en\/wp-json\/wp\/v2\/media?parent=20364"}],"curies":[{"name":"wp","href":"https:\/\/api.w.org\/{rel}","templated":true}]}}