{"id":4333,"date":"2020-04-06T11:01:50","date_gmt":"2020-04-06T09:01:50","guid":{"rendered":"https:\/\/www.fela.swiss\/easydrive-central-mobile\/"},"modified":"2024-04-29T16:08:25","modified_gmt":"2024-04-29T14:08:25","slug":"easydrivecentral-easydrivemobile","status":"publish","type":"page","link":"https:\/\/www.fela.swiss\/en\/ticketing\/easydrivecentral-easydrivemobile\/","title":{"rendered":"EasyDriveCentral | EasyDriveMobile"},"content":{"rendered":"","protected":false},"excerpt":{"rendered":"","protected":false},"author":1,"featured_media":0,"parent":4346,"menu_order":50,"comment_status":"closed","ping_status":"closed","template":"","meta":{"_acf_changed":false,"footnotes":"","_links_to":"","_links_to_target":""},"class_list":["post-4333","page","type-page","status-publish","hentry"],"acf":[],"yoast_head":"<!-- This site is optimized with the Yoast SEO plugin v26.8 - https:\/\/yoast.com\/product\/yoast-seo-wordpress\/ -->\n<title>EasyDriveCentral | EasyDriveMobile - FELA Management AG<\/title>\n<meta name=\"robots\" content=\"index, follow, max-snippet:-1, max-image-preview:large, max-video-preview:-1\" \/>\n<link rel=\"canonical\" href=\"https:\/\/www.fela.swiss\/en\/ticketing\/easydrivecentral-easydrivemobile\/\" \/>\n<meta property=\"og:locale\" content=\"en_US\" \/>\n<meta property=\"og:type\" content=\"article\" \/>\n<meta property=\"og:title\" content=\"EasyDriveCentral | EasyDriveMobile - FELA Management AG\" \/>\n<meta property=\"og:url\" content=\"https:\/\/www.fela.swiss\/en\/ticketing\/easydrivecentral-easydrivemobile\/\" \/>\n<meta property=\"og:site_name\" content=\"FELA Management AG\" \/>\n<meta property=\"article:modified_time\" content=\"2024-04-29T14:08:25+00:00\" \/>\n<meta name=\"twitter:card\" content=\"summary_large_image\" \/>\n<script type=\"application\/ld+json\" class=\"yoast-schema-graph\">{\"@context\":\"https:\/\/schema.org\",\"@graph\":[{\"@type\":\"WebPage\",\"@id\":\"https:\/\/www.fela.swiss\/en\/ticketing\/easydrivecentral-easydrivemobile\/\",\"url\":\"https:\/\/www.fela.swiss\/en\/ticketing\/easydrivecentral-easydrivemobile\/\",\"name\":\"EasyDriveCentral | EasyDriveMobile - FELA Management AG\",\"isPartOf\":{\"@id\":\"https:\/\/www.fela.swiss\/en\/#website\"},\"datePublished\":\"2020-04-06T09:01:50+00:00\",\"dateModified\":\"2024-04-29T14:08:25+00:00\",\"breadcrumb\":{\"@id\":\"https:\/\/www.fela.swiss\/en\/ticketing\/easydrivecentral-easydrivemobile\/#breadcrumb\"},\"inLanguage\":\"en-US\",\"potentialAction\":[{\"@type\":\"ReadAction\",\"target\":[\"https:\/\/www.fela.swiss\/en\/ticketing\/easydrivecentral-easydrivemobile\/\"]}]},{\"@type\":\"BreadcrumbList\",\"@id\":\"https:\/\/www.fela.swiss\/en\/ticketing\/easydrivecentral-easydrivemobile\/#breadcrumb\",\"itemListElement\":[{\"@type\":\"ListItem\",\"position\":1,\"name\":\"Startseite\",\"item\":\"https:\/\/www.fela.swiss\/en\/\"},{\"@type\":\"ListItem\",\"position\":2,\"name\":\"Products\",\"item\":\"https:\/\/www.fela.swiss\/en\/fela-products\/\"},{\"@type\":\"ListItem\",\"position\":3,\"name\":\"Ticketing\",\"item\":\"https:\/\/www.fela.swiss\/en\/fela-products\/ticketing\/\"},{\"@type\":\"ListItem\",\"position\":4,\"name\":\"EasyDriveCentral | EasyDriveMobile\"}]},{\"@type\":\"WebSite\",\"@id\":\"https:\/\/www.fela.swiss\/en\/#website\",\"url\":\"https:\/\/www.fela.swiss\/en\/\",\"name\":\"FELA Management AG\",\"description\":\"Individuelle Systeml\u00f6sungen f\u00fcr den \u00f6ffentlichen Verkehr\",\"potentialAction\":[{\"@type\":\"SearchAction\",\"target\":{\"@type\":\"EntryPoint\",\"urlTemplate\":\"https:\/\/www.fela.swiss\/en\/?s={search_term_string}\"},\"query-input\":{\"@type\":\"PropertyValueSpecification\",\"valueRequired\":true,\"valueName\":\"search_term_string\"}}],\"inLanguage\":\"en-US\"}]}<\/script>\n<!-- \/ Yoast SEO plugin. -->","yoast_head_json":{"title":"EasyDriveCentral | EasyDriveMobile - FELA Management AG","robots":{"index":"index","follow":"follow","max-snippet":"max-snippet:-1","max-image-preview":"max-image-preview:large","max-video-preview":"max-video-preview:-1"},"canonical":"https:\/\/www.fela.swiss\/en\/ticketing\/easydrivecentral-easydrivemobile\/","og_locale":"en_US","og_type":"article","og_title":"EasyDriveCentral | EasyDriveMobile - FELA Management AG","og_url":"https:\/\/www.fela.swiss\/en\/ticketing\/easydrivecentral-easydrivemobile\/","og_site_name":"FELA Management AG","article_modified_time":"2024-04-29T14:08:25+00:00","twitter_card":"summary_large_image","schema":{"@context":"https:\/\/schema.org","@graph":[{"@type":"WebPage","@id":"https:\/\/www.fela.swiss\/en\/ticketing\/easydrivecentral-easydrivemobile\/","url":"https:\/\/www.fela.swiss\/en\/ticketing\/easydrivecentral-easydrivemobile\/","name":"EasyDriveCentral | EasyDriveMobile - FELA Management AG","isPartOf":{"@id":"https:\/\/www.fela.swiss\/en\/#website"},"datePublished":"2020-04-06T09:01:50+00:00","dateModified":"2024-04-29T14:08:25+00:00","breadcrumb":{"@id":"https:\/\/www.fela.swiss\/en\/ticketing\/easydrivecentral-easydrivemobile\/#breadcrumb"},"inLanguage":"en-US","potentialAction":[{"@type":"ReadAction","target":["https:\/\/www.fela.swiss\/en\/ticketing\/easydrivecentral-easydrivemobile\/"]}]},{"@type":"BreadcrumbList","@id":"https:\/\/www.fela.swiss\/en\/ticketing\/easydrivecentral-easydrivemobile\/#breadcrumb","itemListElement":[{"@type":"ListItem","position":1,"name":"Startseite","item":"https:\/\/www.fela.swiss\/en\/"},{"@type":"ListItem","position":2,"name":"Products","item":"https:\/\/www.fela.swiss\/en\/fela-products\/"},{"@type":"ListItem","position":3,"name":"Ticketing","item":"https:\/\/www.fela.swiss\/en\/fela-products\/ticketing\/"},{"@type":"ListItem","position":4,"name":"EasyDriveCentral | EasyDriveMobile"}]},{"@type":"WebSite","@id":"https:\/\/www.fela.swiss\/en\/#website","url":"https:\/\/www.fela.swiss\/en\/","name":"FELA Management AG","description":"Individuelle Systeml\u00f6sungen f\u00fcr den \u00f6ffentlichen Verkehr","potentialAction":[{"@type":"SearchAction","target":{"@type":"EntryPoint","urlTemplate":"https:\/\/www.fela.swiss\/en\/?s={search_term_string}"},"query-input":{"@type":"PropertyValueSpecification","valueRequired":true,"valueName":"search_term_string"}}],"inLanguage":"en-US"}]}},"_links":{"self":[{"href":"https:\/\/www.fela.swiss\/en\/wp-json\/wp\/v2\/pages\/4333","targetHints":{"allow":["GET"]}}],"collection":[{"href":"https:\/\/www.fela.swiss\/en\/wp-json\/wp\/v2\/pages"}],"about":[{"href":"https:\/\/www.fela.swiss\/en\/wp-json\/wp\/v2\/types\/page"}],"author":[{"embeddable":true,"href":"https:\/\/www.fela.swiss\/en\/wp-json\/wp\/v2\/users\/1"}],"replies":[{"embeddable":true,"href":"https:\/\/www.fela.swiss\/en\/wp-json\/wp\/v2\/comments?post=4333"}],"version-history":[{"count":5,"href":"https:\/\/www.fela.swiss\/en\/wp-json\/wp\/v2\/pages\/4333\/revisions"}],"predecessor-version":[{"id":20123,"href":"https:\/\/www.fela.swiss\/en\/wp-json\/wp\/v2\/pages\/4333\/revisions\/20123"}],"up":[{"embeddable":true,"href":"https:\/\/www.fela.swiss\/en\/wp-json\/wp\/v2\/pages\/4346"}],"wp:attachment":[{"href":"https:\/\/www.fela.swiss\/en\/wp-json\/wp\/v2\/media?parent=4333"}],"curies":[{"name":"wp","href":"https:\/\/api.w.org\/{rel}","templated":true}]}}