{"id":4399,"date":"2020-03-11T10:50:04","date_gmt":"2020-03-11T09:50:04","guid":{"rendered":"https:\/\/www.fela.swiss\/fgi-itcs-rbl\/bordrechner\/"},"modified":"2022-11-03T09:45:52","modified_gmt":"2022-11-03T08:45:52","slug":"on-board-computers","status":"publish","type":"page","link":"https:\/\/www.fela.swiss\/en\/pis-itcs-2\/on-board-computers\/","title":{"rendered":"On-board computers"},"content":{"rendered":"","protected":false},"excerpt":{"rendered":"","protected":false},"author":1,"featured_media":0,"parent":6071,"menu_order":60,"comment_status":"closed","ping_status":"closed","template":"","meta":{"_acf_changed":false,"footnotes":"","_links_to":"","_links_to_target":""},"class_list":["post-4399","page","type-page","status-publish","hentry"],"acf":[],"yoast_head":"<!-- This site is optimized with the Yoast SEO plugin v26.8 - https:\/\/yoast.com\/product\/yoast-seo-wordpress\/ -->\n<title>On-board computers - FELA Management AG<\/title>\n<meta name=\"robots\" content=\"index, follow, max-snippet:-1, max-image-preview:large, max-video-preview:-1\" \/>\n<link rel=\"canonical\" href=\"https:\/\/www.fela.swiss\/en\/pis-itcs-2\/on-board-computers\/\" \/>\n<meta property=\"og:locale\" content=\"en_US\" \/>\n<meta property=\"og:type\" content=\"article\" \/>\n<meta property=\"og:title\" content=\"On-board computers - FELA Management AG\" \/>\n<meta property=\"og:url\" content=\"https:\/\/www.fela.swiss\/en\/pis-itcs-2\/on-board-computers\/\" \/>\n<meta property=\"og:site_name\" content=\"FELA Management AG\" \/>\n<meta property=\"article:modified_time\" content=\"2022-11-03T08:45:52+00:00\" \/>\n<meta name=\"twitter:card\" content=\"summary_large_image\" \/>\n<script type=\"application\/ld+json\" class=\"yoast-schema-graph\">{\"@context\":\"https:\/\/schema.org\",\"@graph\":[{\"@type\":\"WebPage\",\"@id\":\"https:\/\/www.fela.swiss\/en\/pis-itcs-2\/on-board-computers\/\",\"url\":\"https:\/\/www.fela.swiss\/en\/pis-itcs-2\/on-board-computers\/\",\"name\":\"On-board computers - FELA Management AG\",\"isPartOf\":{\"@id\":\"https:\/\/www.fela.swiss\/en\/#website\"},\"datePublished\":\"2020-03-11T09:50:04+00:00\",\"dateModified\":\"2022-11-03T08:45:52+00:00\",\"breadcrumb\":{\"@id\":\"https:\/\/www.fela.swiss\/en\/pis-itcs-2\/on-board-computers\/#breadcrumb\"},\"inLanguage\":\"en-US\",\"potentialAction\":[{\"@type\":\"ReadAction\",\"target\":[\"https:\/\/www.fela.swiss\/en\/pis-itcs-2\/on-board-computers\/\"]}]},{\"@type\":\"BreadcrumbList\",\"@id\":\"https:\/\/www.fela.swiss\/en\/pis-itcs-2\/on-board-computers\/#breadcrumb\",\"itemListElement\":[{\"@type\":\"ListItem\",\"position\":1,\"name\":\"Startseite\",\"item\":\"https:\/\/www.fela.swiss\/en\/\"},{\"@type\":\"ListItem\",\"position\":2,\"name\":\"Products\",\"item\":\"https:\/\/www.fela.swiss\/en\/fela-products\/\"},{\"@type\":\"ListItem\",\"position\":3,\"name\":\"PIS | ITCS\",\"item\":\"https:\/\/www.fela.swiss\/en\/fela-products\/pis-itcs-2\/\"},{\"@type\":\"ListItem\",\"position\":4,\"name\":\"On-board computers\"}]},{\"@type\":\"WebSite\",\"@id\":\"https:\/\/www.fela.swiss\/en\/#website\",\"url\":\"https:\/\/www.fela.swiss\/en\/\",\"name\":\"FELA Management AG\",\"description\":\"Individuelle Systeml\u00f6sungen f\u00fcr den \u00f6ffentlichen Verkehr\",\"potentialAction\":[{\"@type\":\"SearchAction\",\"target\":{\"@type\":\"EntryPoint\",\"urlTemplate\":\"https:\/\/www.fela.swiss\/en\/?s={search_term_string}\"},\"query-input\":{\"@type\":\"PropertyValueSpecification\",\"valueRequired\":true,\"valueName\":\"search_term_string\"}}],\"inLanguage\":\"en-US\"}]}<\/script>\n<!-- \/ Yoast SEO plugin. -->","yoast_head_json":{"title":"On-board computers - FELA Management AG","robots":{"index":"index","follow":"follow","max-snippet":"max-snippet:-1","max-image-preview":"max-image-preview:large","max-video-preview":"max-video-preview:-1"},"canonical":"https:\/\/www.fela.swiss\/en\/pis-itcs-2\/on-board-computers\/","og_locale":"en_US","og_type":"article","og_title":"On-board computers - FELA Management AG","og_url":"https:\/\/www.fela.swiss\/en\/pis-itcs-2\/on-board-computers\/","og_site_name":"FELA Management AG","article_modified_time":"2022-11-03T08:45:52+00:00","twitter_card":"summary_large_image","schema":{"@context":"https:\/\/schema.org","@graph":[{"@type":"WebPage","@id":"https:\/\/www.fela.swiss\/en\/pis-itcs-2\/on-board-computers\/","url":"https:\/\/www.fela.swiss\/en\/pis-itcs-2\/on-board-computers\/","name":"On-board computers - FELA Management AG","isPartOf":{"@id":"https:\/\/www.fela.swiss\/en\/#website"},"datePublished":"2020-03-11T09:50:04+00:00","dateModified":"2022-11-03T08:45:52+00:00","breadcrumb":{"@id":"https:\/\/www.fela.swiss\/en\/pis-itcs-2\/on-board-computers\/#breadcrumb"},"inLanguage":"en-US","potentialAction":[{"@type":"ReadAction","target":["https:\/\/www.fela.swiss\/en\/pis-itcs-2\/on-board-computers\/"]}]},{"@type":"BreadcrumbList","@id":"https:\/\/www.fela.swiss\/en\/pis-itcs-2\/on-board-computers\/#breadcrumb","itemListElement":[{"@type":"ListItem","position":1,"name":"Startseite","item":"https:\/\/www.fela.swiss\/en\/"},{"@type":"ListItem","position":2,"name":"Products","item":"https:\/\/www.fela.swiss\/en\/fela-products\/"},{"@type":"ListItem","position":3,"name":"PIS | ITCS","item":"https:\/\/www.fela.swiss\/en\/fela-products\/pis-itcs-2\/"},{"@type":"ListItem","position":4,"name":"On-board computers"}]},{"@type":"WebSite","@id":"https:\/\/www.fela.swiss\/en\/#website","url":"https:\/\/www.fela.swiss\/en\/","name":"FELA Management AG","description":"Individuelle Systeml\u00f6sungen f\u00fcr den \u00f6ffentlichen Verkehr","potentialAction":[{"@type":"SearchAction","target":{"@type":"EntryPoint","urlTemplate":"https:\/\/www.fela.swiss\/en\/?s={search_term_string}"},"query-input":{"@type":"PropertyValueSpecification","valueRequired":true,"valueName":"search_term_string"}}],"inLanguage":"en-US"}]}},"_links":{"self":[{"href":"https:\/\/www.fela.swiss\/en\/wp-json\/wp\/v2\/pages\/4399","targetHints":{"allow":["GET"]}}],"collection":[{"href":"https:\/\/www.fela.swiss\/en\/wp-json\/wp\/v2\/pages"}],"about":[{"href":"https:\/\/www.fela.swiss\/en\/wp-json\/wp\/v2\/types\/page"}],"author":[{"embeddable":true,"href":"https:\/\/www.fela.swiss\/en\/wp-json\/wp\/v2\/users\/1"}],"replies":[{"embeddable":true,"href":"https:\/\/www.fela.swiss\/en\/wp-json\/wp\/v2\/comments?post=4399"}],"version-history":[{"count":4,"href":"https:\/\/www.fela.swiss\/en\/wp-json\/wp\/v2\/pages\/4399\/revisions"}],"predecessor-version":[{"id":11395,"href":"https:\/\/www.fela.swiss\/en\/wp-json\/wp\/v2\/pages\/4399\/revisions\/11395"}],"up":[{"embeddable":true,"href":"https:\/\/www.fela.swiss\/en\/wp-json\/wp\/v2\/pages\/6071"}],"wp:attachment":[{"href":"https:\/\/www.fela.swiss\/en\/wp-json\/wp\/v2\/media?parent=4399"}],"curies":[{"name":"wp","href":"https:\/\/api.w.org\/{rel}","templated":true}]}}