{"id":4465,"date":"2019-12-06T11:46:37","date_gmt":"2019-12-06T10:46:37","guid":{"rendered":"https:\/\/www.fela.swiss\/datenschutz\/"},"modified":"2023-09-19T16:50:52","modified_gmt":"2023-09-19T14:50:52","slug":"data-protection","status":"publish","type":"page","link":"https:\/\/www.fela.swiss\/en\/data-protection\/","title":{"rendered":"Data protection"},"content":{"rendered":"","protected":false},"excerpt":{"rendered":"","protected":false},"author":1,"featured_media":0,"parent":0,"menu_order":90,"comment_status":"closed","ping_status":"closed","template":"template_impressum_datenschutz.php","meta":{"_acf_changed":false,"footnotes":"","_links_to":"","_links_to_target":""},"class_list":["post-4465","page","type-page","status-publish","hentry"],"acf":[],"yoast_head":"<!-- This site is optimized with the Yoast SEO plugin v26.8 - https:\/\/yoast.com\/product\/yoast-seo-wordpress\/ -->\n<title>Data protection - FELA Management AG<\/title>\n<meta name=\"description\" content=\"Fela takes data protection very seriously and treats personal data confidentially and in accordance with legal regulations.\" \/>\n<meta name=\"robots\" content=\"index, follow, max-snippet:-1, max-image-preview:large, max-video-preview:-1\" \/>\n<link rel=\"canonical\" href=\"https:\/\/www.fela.swiss\/en\/data-protection\/\" \/>\n<meta property=\"og:locale\" content=\"en_US\" \/>\n<meta property=\"og:type\" content=\"article\" \/>\n<meta property=\"og:title\" content=\"Data protection - FELA Management AG\" \/>\n<meta property=\"og:description\" content=\"Fela takes data protection very seriously and treats personal data confidentially and in accordance with legal regulations.\" \/>\n<meta property=\"og:url\" content=\"https:\/\/www.fela.swiss\/en\/data-protection\/\" \/>\n<meta property=\"og:site_name\" content=\"FELA Management AG\" \/>\n<meta property=\"article:modified_time\" content=\"2023-09-19T14:50:52+00:00\" \/>\n<meta name=\"twitter:card\" content=\"summary_large_image\" \/>\n<script type=\"application\/ld+json\" class=\"yoast-schema-graph\">{\"@context\":\"https:\/\/schema.org\",\"@graph\":[{\"@type\":\"WebPage\",\"@id\":\"https:\/\/www.fela.swiss\/en\/data-protection\/\",\"url\":\"https:\/\/www.fela.swiss\/en\/data-protection\/\",\"name\":\"Data protection - FELA Management AG\",\"isPartOf\":{\"@id\":\"https:\/\/www.fela.swiss\/en\/#website\"},\"datePublished\":\"2019-12-06T10:46:37+00:00\",\"dateModified\":\"2023-09-19T14:50:52+00:00\",\"description\":\"Fela takes data protection very seriously and treats personal data confidentially and in accordance with legal regulations.\",\"breadcrumb\":{\"@id\":\"https:\/\/www.fela.swiss\/en\/data-protection\/#breadcrumb\"},\"inLanguage\":\"en-US\",\"potentialAction\":[{\"@type\":\"ReadAction\",\"target\":[\"https:\/\/www.fela.swiss\/en\/data-protection\/\"]}]},{\"@type\":\"BreadcrumbList\",\"@id\":\"https:\/\/www.fela.swiss\/en\/data-protection\/#breadcrumb\",\"itemListElement\":[{\"@type\":\"ListItem\",\"position\":1,\"name\":\"Startseite\",\"item\":\"https:\/\/www.fela.swiss\/en\/\"},{\"@type\":\"ListItem\",\"position\":2,\"name\":\"Data protection\"}]},{\"@type\":\"WebSite\",\"@id\":\"https:\/\/www.fela.swiss\/en\/#website\",\"url\":\"https:\/\/www.fela.swiss\/en\/\",\"name\":\"FELA Management AG\",\"description\":\"Individuelle Systeml\u00f6sungen f\u00fcr den \u00f6ffentlichen Verkehr\",\"potentialAction\":[{\"@type\":\"SearchAction\",\"target\":{\"@type\":\"EntryPoint\",\"urlTemplate\":\"https:\/\/www.fela.swiss\/en\/?s={search_term_string}\"},\"query-input\":{\"@type\":\"PropertyValueSpecification\",\"valueRequired\":true,\"valueName\":\"search_term_string\"}}],\"inLanguage\":\"en-US\"}]}<\/script>\n<!-- \/ Yoast SEO plugin. -->","yoast_head_json":{"title":"Data protection - FELA Management AG","description":"Fela takes data protection very seriously and treats personal data confidentially and in accordance with legal regulations.","robots":{"index":"index","follow":"follow","max-snippet":"max-snippet:-1","max-image-preview":"max-image-preview:large","max-video-preview":"max-video-preview:-1"},"canonical":"https:\/\/www.fela.swiss\/en\/data-protection\/","og_locale":"en_US","og_type":"article","og_title":"Data protection - FELA Management AG","og_description":"Fela takes data protection very seriously and treats personal data confidentially and in accordance with legal regulations.","og_url":"https:\/\/www.fela.swiss\/en\/data-protection\/","og_site_name":"FELA Management AG","article_modified_time":"2023-09-19T14:50:52+00:00","twitter_card":"summary_large_image","schema":{"@context":"https:\/\/schema.org","@graph":[{"@type":"WebPage","@id":"https:\/\/www.fela.swiss\/en\/data-protection\/","url":"https:\/\/www.fela.swiss\/en\/data-protection\/","name":"Data protection - FELA Management AG","isPartOf":{"@id":"https:\/\/www.fela.swiss\/en\/#website"},"datePublished":"2019-12-06T10:46:37+00:00","dateModified":"2023-09-19T14:50:52+00:00","description":"Fela takes data protection very seriously and treats personal data confidentially and in accordance with legal regulations.","breadcrumb":{"@id":"https:\/\/www.fela.swiss\/en\/data-protection\/#breadcrumb"},"inLanguage":"en-US","potentialAction":[{"@type":"ReadAction","target":["https:\/\/www.fela.swiss\/en\/data-protection\/"]}]},{"@type":"BreadcrumbList","@id":"https:\/\/www.fela.swiss\/en\/data-protection\/#breadcrumb","itemListElement":[{"@type":"ListItem","position":1,"name":"Startseite","item":"https:\/\/www.fela.swiss\/en\/"},{"@type":"ListItem","position":2,"name":"Data protection"}]},{"@type":"WebSite","@id":"https:\/\/www.fela.swiss\/en\/#website","url":"https:\/\/www.fela.swiss\/en\/","name":"FELA Management AG","description":"Individuelle Systeml\u00f6sungen f\u00fcr den \u00f6ffentlichen Verkehr","potentialAction":[{"@type":"SearchAction","target":{"@type":"EntryPoint","urlTemplate":"https:\/\/www.fela.swiss\/en\/?s={search_term_string}"},"query-input":{"@type":"PropertyValueSpecification","valueRequired":true,"valueName":"search_term_string"}}],"inLanguage":"en-US"}]}},"_links":{"self":[{"href":"https:\/\/www.fela.swiss\/en\/wp-json\/wp\/v2\/pages\/4465","targetHints":{"allow":["GET"]}}],"collection":[{"href":"https:\/\/www.fela.swiss\/en\/wp-json\/wp\/v2\/pages"}],"about":[{"href":"https:\/\/www.fela.swiss\/en\/wp-json\/wp\/v2\/types\/page"}],"author":[{"embeddable":true,"href":"https:\/\/www.fela.swiss\/en\/wp-json\/wp\/v2\/users\/1"}],"replies":[{"embeddable":true,"href":"https:\/\/www.fela.swiss\/en\/wp-json\/wp\/v2\/comments?post=4465"}],"version-history":[{"count":5,"href":"https:\/\/www.fela.swiss\/en\/wp-json\/wp\/v2\/pages\/4465\/revisions"}],"predecessor-version":[{"id":17641,"href":"https:\/\/www.fela.swiss\/en\/wp-json\/wp\/v2\/pages\/4465\/revisions\/17641"}],"wp:attachment":[{"href":"https:\/\/www.fela.swiss\/en\/wp-json\/wp\/v2\/media?parent=4465"}],"curies":[{"name":"wp","href":"https:\/\/api.w.org\/{rel}","templated":true}]}}