{"id":6071,"date":"2021-04-14T12:53:01","date_gmt":"2021-04-14T10:53:01","guid":{"rendered":"https:\/\/www.fela.swiss\/products\/pis-itcs-2\/"},"modified":"2024-01-23T12:21:06","modified_gmt":"2024-01-23T11:21:06","slug":"pis-itcs-2","status":"publish","type":"page","link":"https:\/\/www.fela.swiss\/en\/pis-itcs-2\/","title":{"rendered":"PIS | ITCS"},"content":{"rendered":"\t\t<div data-elementor-type=\"wp-page\" data-elementor-id=\"6071\" class=\"elementor elementor-6071 elementor-6052\" data-elementor-post-type=\"page\">\n\t\t\t\t\t\t<section class=\"elementor-section elementor-top-section elementor-element elementor-element-108af4c elementor-section-height-min-height elementor-section-content-middle elementor-section-boxed elementor-section-height-default elementor-section-items-middle\" data-id=\"108af4c\" data-element_type=\"section\" data-e-type=\"section\" data-settings=\"{&quot;background_background&quot;:&quot;classic&quot;,&quot;animation&quot;:&quot;none&quot;}\">\n\t\t\t\t\t\t<div class=\"elementor-container elementor-column-gap-default\">\n\t\t\t\t\t<div class=\"elementor-column elementor-col-100 elementor-top-column elementor-element elementor-element-332793a\" data-id=\"332793a\" data-element_type=\"column\" data-e-type=\"column\">\n\t\t\t<div class=\"elementor-widget-wrap\">\n\t\t\t\t\t\t\t<\/div>\n\t\t<\/div>\n\t\t\t\t\t<\/div>\n\t\t<\/section>\n\t\t\t\t<section class=\"elementor-section elementor-top-section elementor-element elementor-element-0fdf7c9 elementor-section-boxed elementor-section-height-default elementor-section-height-default\" data-id=\"0fdf7c9\" data-element_type=\"section\" data-e-type=\"section\">\n\t\t\t\t\t\t<div class=\"elementor-container elementor-column-gap-default\">\n\t\t\t\t\t<div class=\"elementor-column elementor-col-100 elementor-top-column elementor-element elementor-element-c2a9d9a\" data-id=\"c2a9d9a\" data-element_type=\"column\" data-e-type=\"column\">\n\t\t\t<div class=\"elementor-widget-wrap elementor-element-populated\">\n\t\t\t\t\t\t<div class=\"elementor-element elementor-element-3c08e5e elementor-widget elementor-widget-heading\" data-id=\"3c08e5e\" data-element_type=\"widget\" data-e-type=\"widget\" data-widget_type=\"heading.default\">\n\t\t\t\t<div class=\"elementor-widget-container\">\n\t\t\t\t\t<h1 class=\"elementor-heading-title elementor-size-default\">Networked hardware components for public transport vehicles<\/h1>\t\t\t\t<\/div>\n\t\t\t\t<\/div>\n\t\t\t\t<div class=\"elementor-element elementor-element-a12abfd elementor-widget elementor-widget-spacer\" data-id=\"a12abfd\" data-element_type=\"widget\" data-e-type=\"widget\" data-widget_type=\"spacer.default\">\n\t\t\t\t<div class=\"elementor-widget-container\">\n\t\t\t\t\t\t\t<div class=\"elementor-spacer\">\n\t\t\t<div class=\"elementor-spacer-inner\"><\/div>\n\t\t<\/div>\n\t\t\t\t\t\t<\/div>\n\t\t\t\t<\/div>\n\t\t\t\t<div class=\"elementor-element elementor-element-4b456fd elementor-widget elementor-widget-text-editor\" data-id=\"4b456fd\" data-element_type=\"widget\" data-e-type=\"widget\" data-widget_type=\"text-editor.default\">\n\t\t\t\t<div class=\"elementor-widget-container\">\n\t\t\t\t\t\t\t\t\t<p>We network hardware components such as control panels, passenger intercoms, monitors and displays both with the FELA control system and with third-party systems. Passenger information and infotainment systems round off the portfolio.<\/p>\n<p>With the POIS product line, high-quality and customizable hardware components and software modules are available for equipping vehicles.<\/p>\n\t\t\t\t\t\t\t\t<\/div>\n\t\t\t\t<\/div>\n\t\t\t\t<div class=\"elementor-element elementor-element-427f48b elementor-widget elementor-widget-video\" data-id=\"427f48b\" data-element_type=\"widget\" data-e-type=\"widget\" data-settings=\"{&quot;video_type&quot;:&quot;hosted&quot;,&quot;autoplay&quot;:&quot;yes&quot;,&quot;play_on_mobile&quot;:&quot;yes&quot;,&quot;start&quot;:0,&quot;end&quot;:20}\" data-widget_type=\"video.default\">\n\t\t\t\t<div class=\"elementor-widget-container\">\n\t\t\t\t\t\t\t<div class=\"e-hosted-video elementor-wrapper elementor-open-inline\">\n\t\t\t\t\t<video class=\"elementor-video\" src=\"https:\/\/www.fela.swiss\/wp-content\/uploads\/2021\/04\/Zuggrafik-Animation.mp4#t=,20\" autoplay=\"\" playsinline=\"\" controlsList=\"nodownload\"><\/video>\n\t\t\t\t<\/div>\n\t\t\t\t\t\t<\/div>\n\t\t\t\t<\/div>\n\t\t\t\t<section class=\"elementor-section elementor-inner-section elementor-element elementor-element-33353dd elementor-section-boxed elementor-section-height-default elementor-section-height-default\" data-id=\"33353dd\" data-element_type=\"section\" data-e-type=\"section\">\n\t\t\t\t\t\t<div class=\"elementor-container elementor-column-gap-default\">\n\t\t\t\t\t<div class=\"elementor-column elementor-col-25 elementor-inner-column elementor-element elementor-element-f7a3cc6\" data-id=\"f7a3cc6\" data-element_type=\"column\" data-e-type=\"column\">\n\t\t\t<div class=\"elementor-widget-wrap elementor-element-populated\">\n\t\t\t\t\t\t<div class=\"elementor-element elementor-element-20d424d elementor-widget elementor-widget-image\" data-id=\"20d424d\" data-element_type=\"widget\" data-e-type=\"widget\" data-widget_type=\"image.default\">\n\t\t\t\t<div class=\"elementor-widget-container\">\n\t\t\t\t\t\t\t\t\t\t\t\t<figure class=\"wp-caption\">\n\t\t\t\t\t\t\t\t\t\t\t<a href=\"https:\/\/www.fela.swiss\/en\/passenger-information-visual\/\">\n\t\t\t\t\t\t\t<img fetchpriority=\"high\" decoding=\"async\" width=\"1024\" height=\"1024\" src=\"https:\/\/www.fela.swiss\/wp-content\/uploads\/2023\/09\/fela_FGI_Textbox_DE-1-1024x1024.png\" class=\"attachment-large size-large wp-image-17578\" alt=\"\" srcset=\"https:\/\/www.fela.swiss\/wp-content\/uploads\/2023\/09\/fela_FGI_Textbox_DE-1-1024x1024.png 1024w, https:\/\/www.fela.swiss\/wp-content\/uploads\/2023\/09\/fela_FGI_Textbox_DE-1-300x300.png 300w, https:\/\/www.fela.swiss\/wp-content\/uploads\/2023\/09\/fela_FGI_Textbox_DE-1-150x150.png 150w, https:\/\/www.fela.swiss\/wp-content\/uploads\/2023\/09\/fela_FGI_Textbox_DE-1-768x768.png 768w, https:\/\/www.fela.swiss\/wp-content\/uploads\/2023\/09\/fela_FGI_Textbox_DE-1-1536x1536.png 1536w, https:\/\/www.fela.swiss\/wp-content\/uploads\/2023\/09\/fela_FGI_Textbox_DE-1-2048x2048.png 2048w, https:\/\/www.fela.swiss\/wp-content\/uploads\/2023\/09\/fela_FGI_Textbox_DE-1-500x500.png 500w, https:\/\/www.fela.swiss\/wp-content\/uploads\/2023\/09\/fela_FGI_Textbox_DE-1-430x430.png 430w\" sizes=\"(max-width: 1024px) 100vw, 1024px\" \/>\t\t\t\t\t\t\t\t<\/a>\n\t\t\t\t\t\t\t\t\t\t\t<figcaption class=\"widget-image-caption wp-caption-text\">PSI<\/figcaption>\n\t\t\t\t\t\t\t\t\t\t<\/figure>\n\t\t\t\t\t\t\t\t\t<\/div>\n\t\t\t\t<\/div>\n\t\t\t\t\t<\/div>\n\t\t<\/div>\n\t\t\t\t<div class=\"elementor-column elementor-col-25 elementor-inner-column elementor-element elementor-element-83714e8\" data-id=\"83714e8\" data-element_type=\"column\" data-e-type=\"column\">\n\t\t\t<div class=\"elementor-widget-wrap elementor-element-populated\">\n\t\t\t\t\t\t<div class=\"elementor-element elementor-element-2a9af77 elementor-widget elementor-widget-image\" data-id=\"2a9af77\" data-element_type=\"widget\" data-e-type=\"widget\" data-widget_type=\"image.default\">\n\t\t\t\t<div class=\"elementor-widget-container\">\n\t\t\t\t\t\t\t\t\t\t\t\t<figure class=\"wp-caption\">\n\t\t\t\t\t\t\t\t\t\t\t<a href=\"https:\/\/www.fela.swiss\/en\/passenger-information-systems-pan\/\">\n\t\t\t\t\t\t\t<img decoding=\"async\" width=\"1024\" height=\"1024\" src=\"https:\/\/www.fela.swiss\/wp-content\/uploads\/2023\/09\/fela_PAN_Textbox_DE-1-1024x1024.png\" class=\"attachment-large size-large wp-image-17581\" alt=\"\" srcset=\"https:\/\/www.fela.swiss\/wp-content\/uploads\/2023\/09\/fela_PAN_Textbox_DE-1-1024x1024.png 1024w, https:\/\/www.fela.swiss\/wp-content\/uploads\/2023\/09\/fela_PAN_Textbox_DE-1-300x300.png 300w, https:\/\/www.fela.swiss\/wp-content\/uploads\/2023\/09\/fela_PAN_Textbox_DE-1-150x150.png 150w, https:\/\/www.fela.swiss\/wp-content\/uploads\/2023\/09\/fela_PAN_Textbox_DE-1-768x768.png 768w, https:\/\/www.fela.swiss\/wp-content\/uploads\/2023\/09\/fela_PAN_Textbox_DE-1-1536x1536.png 1536w, https:\/\/www.fela.swiss\/wp-content\/uploads\/2023\/09\/fela_PAN_Textbox_DE-1-2048x2048.png 2048w, https:\/\/www.fela.swiss\/wp-content\/uploads\/2023\/09\/fela_PAN_Textbox_DE-1-500x500.png 500w, https:\/\/www.fela.swiss\/wp-content\/uploads\/2023\/09\/fela_PAN_Textbox_DE-1-430x430.png 430w\" sizes=\"(max-width: 1024px) 100vw, 1024px\" \/>\t\t\t\t\t\t\t\t<\/a>\n\t\t\t\t\t\t\t\t\t\t\t<figcaption class=\"widget-image-caption wp-caption-text\">PAN<\/figcaption>\n\t\t\t\t\t\t\t\t\t\t<\/figure>\n\t\t\t\t\t\t\t\t\t<\/div>\n\t\t\t\t<\/div>\n\t\t\t\t\t<\/div>\n\t\t<\/div>\n\t\t\t\t<div class=\"elementor-column elementor-col-25 elementor-inner-column elementor-element elementor-element-052ed06\" data-id=\"052ed06\" data-element_type=\"column\" data-e-type=\"column\">\n\t\t\t<div class=\"elementor-widget-wrap elementor-element-populated\">\n\t\t\t\t\t\t<div class=\"elementor-element elementor-element-3b855d6 elementor-widget elementor-widget-image\" data-id=\"3b855d6\" data-element_type=\"widget\" data-e-type=\"widget\" data-widget_type=\"image.default\">\n\t\t\t\t<div class=\"elementor-widget-container\">\n\t\t\t\t\t\t\t\t\t\t\t\t<figure class=\"wp-caption\">\n\t\t\t\t\t\t\t\t\t\t\t<a href=\"https:\/\/www.fela.swiss\/en\/passenger-information-systems-cctv\/\">\n\t\t\t\t\t\t\t<img decoding=\"async\" width=\"1024\" height=\"1024\" src=\"https:\/\/www.fela.swiss\/wp-content\/uploads\/2023\/09\/fela_CCTV_Textbox_DE-2-1024x1024.png\" class=\"attachment-large size-large wp-image-17575\" alt=\"\" srcset=\"https:\/\/www.fela.swiss\/wp-content\/uploads\/2023\/09\/fela_CCTV_Textbox_DE-2-1024x1024.png 1024w, https:\/\/www.fela.swiss\/wp-content\/uploads\/2023\/09\/fela_CCTV_Textbox_DE-2-300x300.png 300w, https:\/\/www.fela.swiss\/wp-content\/uploads\/2023\/09\/fela_CCTV_Textbox_DE-2-150x150.png 150w, https:\/\/www.fela.swiss\/wp-content\/uploads\/2023\/09\/fela_CCTV_Textbox_DE-2-768x768.png 768w, https:\/\/www.fela.swiss\/wp-content\/uploads\/2023\/09\/fela_CCTV_Textbox_DE-2-1536x1536.png 1536w, https:\/\/www.fela.swiss\/wp-content\/uploads\/2023\/09\/fela_CCTV_Textbox_DE-2-2048x2048.png 2048w, https:\/\/www.fela.swiss\/wp-content\/uploads\/2023\/09\/fela_CCTV_Textbox_DE-2-500x500.png 500w, https:\/\/www.fela.swiss\/wp-content\/uploads\/2023\/09\/fela_CCTV_Textbox_DE-2-430x430.png 430w\" sizes=\"(max-width: 1024px) 100vw, 1024px\" \/>\t\t\t\t\t\t\t\t<\/a>\n\t\t\t\t\t\t\t\t\t\t\t<figcaption class=\"widget-image-caption wp-caption-text\">CCTV<\/figcaption>\n\t\t\t\t\t\t\t\t\t\t<\/figure>\n\t\t\t\t\t\t\t\t\t<\/div>\n\t\t\t\t<\/div>\n\t\t\t\t\t<\/div>\n\t\t<\/div>\n\t\t\t\t<div class=\"elementor-column elementor-col-25 elementor-inner-column elementor-element elementor-element-33cf8c2\" data-id=\"33cf8c2\" data-element_type=\"column\" data-e-type=\"column\">\n\t\t\t<div class=\"elementor-widget-wrap elementor-element-populated\">\n\t\t\t\t\t\t<div class=\"elementor-element elementor-element-7d1b476 elementor-widget elementor-widget-image\" data-id=\"7d1b476\" data-element_type=\"widget\" data-e-type=\"widget\" data-widget_type=\"image.default\">\n\t\t\t\t<div class=\"elementor-widget-container\">\n\t\t\t\t\t\t\t\t\t\t\t\t<figure class=\"wp-caption\">\n\t\t\t\t\t\t\t\t\t\t\t<a href=\"https:\/\/www.fela.swiss\/en\/passenger-information-systems-zuko\/\">\n\t\t\t\t\t\t\t<img loading=\"lazy\" decoding=\"async\" width=\"1024\" height=\"1024\" src=\"https:\/\/www.fela.swiss\/wp-content\/uploads\/2023\/09\/fela_ZUKO_Textbox_DE-1-1024x1024.png\" class=\"attachment-large size-large wp-image-17584\" alt=\"\" srcset=\"https:\/\/www.fela.swiss\/wp-content\/uploads\/2023\/09\/fela_ZUKO_Textbox_DE-1-1024x1024.png 1024w, https:\/\/www.fela.swiss\/wp-content\/uploads\/2023\/09\/fela_ZUKO_Textbox_DE-1-300x300.png 300w, https:\/\/www.fela.swiss\/wp-content\/uploads\/2023\/09\/fela_ZUKO_Textbox_DE-1-150x150.png 150w, https:\/\/www.fela.swiss\/wp-content\/uploads\/2023\/09\/fela_ZUKO_Textbox_DE-1-768x768.png 768w, https:\/\/www.fela.swiss\/wp-content\/uploads\/2023\/09\/fela_ZUKO_Textbox_DE-1-1536x1536.png 1536w, https:\/\/www.fela.swiss\/wp-content\/uploads\/2023\/09\/fela_ZUKO_Textbox_DE-1-2048x2048.png 2048w, https:\/\/www.fela.swiss\/wp-content\/uploads\/2023\/09\/fela_ZUKO_Textbox_DE-1-500x500.png 500w, https:\/\/www.fela.swiss\/wp-content\/uploads\/2023\/09\/fela_ZUKO_Textbox_DE-1-430x430.png 430w\" sizes=\"(max-width: 1024px) 100vw, 1024px\" \/>\t\t\t\t\t\t\t\t<\/a>\n\t\t\t\t\t\t\t\t\t\t\t<figcaption class=\"widget-image-caption wp-caption-text\">ZUKO<\/figcaption>\n\t\t\t\t\t\t\t\t\t\t<\/figure>\n\t\t\t\t\t\t\t\t\t<\/div>\n\t\t\t\t<\/div>\n\t\t\t\t\t<\/div>\n\t\t<\/div>\n\t\t\t\t\t<\/div>\n\t\t<\/section>\n\t\t\t\t\t<\/div>\n\t\t<\/div>\n\t\t\t\t\t<\/div>\n\t\t<\/section>\n\t\t\t\t<section class=\"elementor-section elementor-top-section elementor-element elementor-element-089de53 elementor-section-boxed elementor-section-height-default elementor-section-height-default\" data-id=\"089de53\" data-element_type=\"section\" data-e-type=\"section\">\n\t\t\t\t\t\t<div class=\"elementor-container elementor-column-gap-default\">\n\t\t\t\t\t\t<\/div>\n\t\t<\/section>\n\t\t\t\t<section class=\"elementor-section elementor-top-section elementor-element elementor-element-4480ee3 elementor-section-boxed elementor-section-height-default elementor-section-height-default\" data-id=\"4480ee3\" data-element_type=\"section\" data-e-type=\"section\">\n\t\t\t\t\t\t<div class=\"elementor-container elementor-column-gap-default\">\n\t\t\t\t\t<div class=\"elementor-column elementor-col-100 elementor-top-column elementor-element elementor-element-c3d3df1\" data-id=\"c3d3df1\" data-element_type=\"column\" data-e-type=\"column\">\n\t\t\t<div class=\"elementor-widget-wrap elementor-element-populated\">\n\t\t\t\t\t\t<div class=\"elementor-element elementor-element-781933f elementor-widget elementor-widget-spacer\" data-id=\"781933f\" data-element_type=\"widget\" data-e-type=\"widget\" data-widget_type=\"spacer.default\">\n\t\t\t\t<div class=\"elementor-widget-container\">\n\t\t\t\t\t\t\t<div class=\"elementor-spacer\">\n\t\t\t<div class=\"elementor-spacer-inner\"><\/div>\n\t\t<\/div>\n\t\t\t\t\t\t<\/div>\n\t\t\t\t<\/div>\n\t\t\t\t\t<\/div>\n\t\t<\/div>\n\t\t\t\t\t<\/div>\n\t\t<\/section>\n\t\t\t\t<section class=\"elementor-section elementor-top-section elementor-element elementor-element-ae223d7 elementor-section-boxed elementor-section-height-default elementor-section-height-default\" data-id=\"ae223d7\" data-element_type=\"section\" data-e-type=\"section\">\n\t\t\t\t\t\t<div class=\"elementor-container elementor-column-gap-default\">\n\t\t\t\t\t\t<\/div>\n\t\t<\/section>\n\t\t\t\t<\/div>\n\t\t","protected":false},"excerpt":{"rendered":"<p>Networked hardware components for public transport vehicles We network hardware components such as control panels, passenger intercoms, monitors and displays both with the FELA control system and with third-party systems. Passenger information and infotainment systems round off the portfolio. With the POIS product line, high-quality and customizable hardware components and software modules are available for [&hellip;]<\/p>\n","protected":false},"author":10,"featured_media":0,"parent":0,"menu_order":0,"comment_status":"closed","ping_status":"closed","template":"elementor_header_footer","meta":{"_acf_changed":false,"footnotes":"","_links_to":"","_links_to_target":""},"class_list":["post-6071","page","type-page","status-publish","hentry"],"acf":[],"yoast_head":"<!-- This site is optimized with the Yoast SEO plugin v26.8 - https:\/\/yoast.com\/product\/yoast-seo-wordpress\/ -->\n<title>PSI | ITCS | RBL | Individual solutions for public transport<\/title>\n<meta name=\"description\" content=\"FGI | Versatile | \u2713 HMI control panel \u2713 TFT monitors \u2713 Virtualization computers \u2713 Side &amp; front displays \u25ba Learn more now.\" \/>\n<meta name=\"robots\" content=\"index, follow, max-snippet:-1, max-image-preview:large, max-video-preview:-1\" \/>\n<link rel=\"canonical\" href=\"https:\/\/www.fela.swiss\/en\/pis-itcs-2\/\" \/>\n<meta property=\"og:locale\" content=\"en_US\" \/>\n<meta property=\"og:type\" content=\"article\" \/>\n<meta property=\"og:title\" content=\"PSI | ITCS | RBL | Individual solutions for public transport\" \/>\n<meta property=\"og:description\" content=\"FGI | Versatile | \u2713 HMI control panel \u2713 TFT monitors \u2713 Virtualization computers \u2713 Side &amp; front displays \u25ba Learn more now.\" \/>\n<meta property=\"og:url\" content=\"https:\/\/www.fela.swiss\/en\/pis-itcs-2\/\" \/>\n<meta property=\"og:site_name\" content=\"FELA Management AG\" \/>\n<meta property=\"article:modified_time\" content=\"2024-01-23T11:21:06+00:00\" \/>\n<meta property=\"og:image\" content=\"https:\/\/www.fela.swiss\/wp-content\/uploads\/2023\/09\/fela_FGI_Textbox_DE-1-1024x1024.png\" \/>\n<meta name=\"twitter:card\" content=\"summary_large_image\" \/>\n<meta name=\"twitter:label1\" content=\"Est. reading time\" \/>\n\t<meta name=\"twitter:data1\" content=\"1 minute\" \/>\n<script type=\"application\/ld+json\" class=\"yoast-schema-graph\">{\"@context\":\"https:\/\/schema.org\",\"@graph\":[{\"@type\":\"WebPage\",\"@id\":\"https:\/\/www.fela.swiss\/en\/pis-itcs-2\/\",\"url\":\"https:\/\/www.fela.swiss\/en\/pis-itcs-2\/\",\"name\":\"PSI | ITCS | RBL | Individual solutions for public transport\",\"isPartOf\":{\"@id\":\"https:\/\/www.fela.swiss\/en\/#website\"},\"primaryImageOfPage\":{\"@id\":\"https:\/\/www.fela.swiss\/en\/pis-itcs-2\/#primaryimage\"},\"image\":{\"@id\":\"https:\/\/www.fela.swiss\/en\/pis-itcs-2\/#primaryimage\"},\"thumbnailUrl\":\"https:\/\/www.fela.swiss\/wp-content\/uploads\/2023\/09\/fela_FGI_Textbox_DE-1-1024x1024.png\",\"datePublished\":\"2021-04-14T10:53:01+00:00\",\"dateModified\":\"2024-01-23T11:21:06+00:00\",\"description\":\"FGI | Versatile | \u2713 HMI control panel \u2713 TFT monitors \u2713 Virtualization computers \u2713 Side & front displays \u25ba Learn more now.\",\"breadcrumb\":{\"@id\":\"https:\/\/www.fela.swiss\/en\/pis-itcs-2\/#breadcrumb\"},\"inLanguage\":\"en-US\",\"potentialAction\":[{\"@type\":\"ReadAction\",\"target\":[\"https:\/\/www.fela.swiss\/en\/pis-itcs-2\/\"]}]},{\"@type\":\"ImageObject\",\"inLanguage\":\"en-US\",\"@id\":\"https:\/\/www.fela.swiss\/en\/pis-itcs-2\/#primaryimage\",\"url\":\"https:\/\/www.fela.swiss\/wp-content\/uploads\/2023\/09\/fela_FGI_Textbox_DE-1-1024x1024.png\",\"contentUrl\":\"https:\/\/www.fela.swiss\/wp-content\/uploads\/2023\/09\/fela_FGI_Textbox_DE-1-1024x1024.png\"},{\"@type\":\"BreadcrumbList\",\"@id\":\"https:\/\/www.fela.swiss\/en\/pis-itcs-2\/#breadcrumb\",\"itemListElement\":[{\"@type\":\"ListItem\",\"position\":1,\"name\":\"Startseite\",\"item\":\"https:\/\/www.fela.swiss\/en\/\"},{\"@type\":\"ListItem\",\"position\":2,\"name\":\"Products\",\"item\":\"https:\/\/www.fela.swiss\/en\/fela-products\/\"},{\"@type\":\"ListItem\",\"position\":3,\"name\":\"PIS | ITCS\"}]},{\"@type\":\"WebSite\",\"@id\":\"https:\/\/www.fela.swiss\/en\/#website\",\"url\":\"https:\/\/www.fela.swiss\/en\/\",\"name\":\"FELA Management AG\",\"description\":\"Individuelle Systeml\u00f6sungen f\u00fcr den \u00f6ffentlichen Verkehr\",\"potentialAction\":[{\"@type\":\"SearchAction\",\"target\":{\"@type\":\"EntryPoint\",\"urlTemplate\":\"https:\/\/www.fela.swiss\/en\/?s={search_term_string}\"},\"query-input\":{\"@type\":\"PropertyValueSpecification\",\"valueRequired\":true,\"valueName\":\"search_term_string\"}}],\"inLanguage\":\"en-US\"}]}<\/script>\n<!-- \/ Yoast SEO plugin. -->","yoast_head_json":{"title":"PSI | ITCS | RBL | Individual solutions for public transport","description":"FGI | Versatile | \u2713 HMI control panel \u2713 TFT monitors \u2713 Virtualization computers \u2713 Side & front displays \u25ba Learn more now.","robots":{"index":"index","follow":"follow","max-snippet":"max-snippet:-1","max-image-preview":"max-image-preview:large","max-video-preview":"max-video-preview:-1"},"canonical":"https:\/\/www.fela.swiss\/en\/pis-itcs-2\/","og_locale":"en_US","og_type":"article","og_title":"PSI | ITCS | RBL | Individual solutions for public transport","og_description":"FGI | Versatile | \u2713 HMI control panel \u2713 TFT monitors \u2713 Virtualization computers \u2713 Side & front displays \u25ba Learn more now.","og_url":"https:\/\/www.fela.swiss\/en\/pis-itcs-2\/","og_site_name":"FELA Management AG","article_modified_time":"2024-01-23T11:21:06+00:00","og_image":[{"url":"https:\/\/www.fela.swiss\/wp-content\/uploads\/2023\/09\/fela_FGI_Textbox_DE-1-1024x1024.png","type":"","width":"","height":""}],"twitter_card":"summary_large_image","twitter_misc":{"Est. reading time":"1 minute"},"schema":{"@context":"https:\/\/schema.org","@graph":[{"@type":"WebPage","@id":"https:\/\/www.fela.swiss\/en\/pis-itcs-2\/","url":"https:\/\/www.fela.swiss\/en\/pis-itcs-2\/","name":"PSI | ITCS | RBL | Individual solutions for public transport","isPartOf":{"@id":"https:\/\/www.fela.swiss\/en\/#website"},"primaryImageOfPage":{"@id":"https:\/\/www.fela.swiss\/en\/pis-itcs-2\/#primaryimage"},"image":{"@id":"https:\/\/www.fela.swiss\/en\/pis-itcs-2\/#primaryimage"},"thumbnailUrl":"https:\/\/www.fela.swiss\/wp-content\/uploads\/2023\/09\/fela_FGI_Textbox_DE-1-1024x1024.png","datePublished":"2021-04-14T10:53:01+00:00","dateModified":"2024-01-23T11:21:06+00:00","description":"FGI | Versatile | \u2713 HMI control panel \u2713 TFT monitors \u2713 Virtualization computers \u2713 Side & front displays \u25ba Learn more now.","breadcrumb":{"@id":"https:\/\/www.fela.swiss\/en\/pis-itcs-2\/#breadcrumb"},"inLanguage":"en-US","potentialAction":[{"@type":"ReadAction","target":["https:\/\/www.fela.swiss\/en\/pis-itcs-2\/"]}]},{"@type":"ImageObject","inLanguage":"en-US","@id":"https:\/\/www.fela.swiss\/en\/pis-itcs-2\/#primaryimage","url":"https:\/\/www.fela.swiss\/wp-content\/uploads\/2023\/09\/fela_FGI_Textbox_DE-1-1024x1024.png","contentUrl":"https:\/\/www.fela.swiss\/wp-content\/uploads\/2023\/09\/fela_FGI_Textbox_DE-1-1024x1024.png"},{"@type":"BreadcrumbList","@id":"https:\/\/www.fela.swiss\/en\/pis-itcs-2\/#breadcrumb","itemListElement":[{"@type":"ListItem","position":1,"name":"Startseite","item":"https:\/\/www.fela.swiss\/en\/"},{"@type":"ListItem","position":2,"name":"Products","item":"https:\/\/www.fela.swiss\/en\/fela-products\/"},{"@type":"ListItem","position":3,"name":"PIS | ITCS"}]},{"@type":"WebSite","@id":"https:\/\/www.fela.swiss\/en\/#website","url":"https:\/\/www.fela.swiss\/en\/","name":"FELA Management AG","description":"Individuelle Systeml\u00f6sungen f\u00fcr den \u00f6ffentlichen Verkehr","potentialAction":[{"@type":"SearchAction","target":{"@type":"EntryPoint","urlTemplate":"https:\/\/www.fela.swiss\/en\/?s={search_term_string}"},"query-input":{"@type":"PropertyValueSpecification","valueRequired":true,"valueName":"search_term_string"}}],"inLanguage":"en-US"}]}},"_links":{"self":[{"href":"https:\/\/www.fela.swiss\/en\/wp-json\/wp\/v2\/pages\/6071","targetHints":{"allow":["GET"]}}],"collection":[{"href":"https:\/\/www.fela.swiss\/en\/wp-json\/wp\/v2\/pages"}],"about":[{"href":"https:\/\/www.fela.swiss\/en\/wp-json\/wp\/v2\/types\/page"}],"author":[{"embeddable":true,"href":"https:\/\/www.fela.swiss\/en\/wp-json\/wp\/v2\/users\/10"}],"replies":[{"embeddable":true,"href":"https:\/\/www.fela.swiss\/en\/wp-json\/wp\/v2\/comments?post=6071"}],"version-history":[{"count":23,"href":"https:\/\/www.fela.swiss\/en\/wp-json\/wp\/v2\/pages\/6071\/revisions"}],"predecessor-version":[{"id":18712,"href":"https:\/\/www.fela.swiss\/en\/wp-json\/wp\/v2\/pages\/6071\/revisions\/18712"}],"wp:attachment":[{"href":"https:\/\/www.fela.swiss\/en\/wp-json\/wp\/v2\/media?parent=6071"}],"curies":[{"name":"wp","href":"https:\/\/api.w.org\/{rel}","templated":true}]}}