{"id":14727,"date":"2023-06-12T17:07:26","date_gmt":"2023-06-12T15:07:26","guid":{"rendered":"https:\/\/www.fela.swiss\/?page_id=14727"},"modified":"2026-04-01T11:52:38","modified_gmt":"2026-04-01T09:52:38","slug":"carriere-chez-fela","status":"publish","type":"page","link":"https:\/\/www.fela.swiss\/fr\/a-notre-sujet\/carriere-chez-fela\/","title":{"rendered":"Carri\u00e8re chez fela"},"content":{"rendered":"\t\t<div data-elementor-type=\"wp-page\" data-elementor-id=\"14727\" class=\"elementor elementor-14727 elementor-13780\" data-elementor-post-type=\"page\">\n\t\t\t\t\t\t<section class=\"elementor-section elementor-top-section elementor-element elementor-element-c8c717a elementor-section-height-min-height elementor-section-content-middle elementor-section-boxed elementor-section-height-default elementor-section-items-middle\" data-id=\"c8c717a\" data-element_type=\"section\" data-e-type=\"section\" data-settings=\"{&quot;background_background&quot;:&quot;classic&quot;,&quot;animation&quot;:&quot;none&quot;}\">\n\t\t\t\t\t\t<div class=\"elementor-container elementor-column-gap-default\">\n\t\t\t\t\t<div class=\"elementor-column elementor-col-100 elementor-top-column elementor-element elementor-element-8765744\" data-id=\"8765744\" data-element_type=\"column\" data-e-type=\"column\" data-settings=\"{&quot;animation&quot;:&quot;none&quot;}\">\n\t\t\t<div class=\"elementor-widget-wrap elementor-element-populated\">\n\t\t\t\t\t\t<div class=\"elementor-element elementor-element-b1a4b71 elementor-widget__width-initial elementor-widget elementor-widget-heading\" data-id=\"b1a4b71\" data-element_type=\"widget\" data-e-type=\"widget\" data-settings=\"{&quot;_animation&quot;:&quot;none&quot;}\" data-widget_type=\"heading.default\">\n\t\t\t\t<div class=\"elementor-widget-container\">\n\t\t\t\t\t<h2 class=\"elementor-heading-title elementor-size-default\">Rejoins notre <b>\u00e9quipe<\/b><br> \u00e0 Diessenhofen ou \u00e0 Meisenheim.<\/h2>\t\t\t\t<\/div>\n\t\t\t\t<\/div>\n\t\t\t\t\t<\/div>\n\t\t<\/div>\n\t\t\t\t\t<\/div>\n\t\t<\/section>\n\t\t\t\t<section class=\"elementor-section elementor-top-section elementor-element elementor-element-1a8bec8 elementor-section-boxed elementor-section-height-default elementor-section-height-default\" data-id=\"1a8bec8\" data-element_type=\"section\" data-e-type=\"section\">\n\t\t\t\t\t\t<div class=\"elementor-container elementor-column-gap-default\">\n\t\t\t\t\t<div class=\"elementor-column elementor-col-100 elementor-top-column elementor-element elementor-element-27be8ed\" data-id=\"27be8ed\" data-element_type=\"column\" data-e-type=\"column\">\n\t\t\t<div class=\"elementor-widget-wrap elementor-element-populated\">\n\t\t\t\t\t\t<div class=\"elementor-element elementor-element-9cd40b1 elementor-widget elementor-widget-spacer\" data-id=\"9cd40b1\" data-element_type=\"widget\" data-e-type=\"widget\" data-widget_type=\"spacer.default\">\n\t\t\t\t<div class=\"elementor-widget-container\">\n\t\t\t\t\t\t\t<div class=\"elementor-spacer\">\n\t\t\t<div class=\"elementor-spacer-inner\"><\/div>\n\t\t<\/div>\n\t\t\t\t\t\t<\/div>\n\t\t\t\t<\/div>\n\t\t\t\t<div class=\"elementor-element elementor-element-80fa497 elementor-widget elementor-widget-heading\" data-id=\"80fa497\" data-element_type=\"widget\" data-e-type=\"widget\" data-widget_type=\"heading.default\">\n\t\t\t\t<div class=\"elementor-widget-container\">\n\t\t\t\t\t<h2 class=\"elementor-heading-title elementor-size-xl\">Carri\u00e8re chez fela<\/h2>\t\t\t\t<\/div>\n\t\t\t\t<\/div>\n\t\t\t\t<section class=\"elementor-section elementor-inner-section elementor-element elementor-element-9842034 elementor-section-boxed elementor-section-height-default elementor-section-height-default\" data-id=\"9842034\" data-element_type=\"section\" data-e-type=\"section\">\n\t\t\t\t\t\t<div class=\"elementor-container elementor-column-gap-default\">\n\t\t\t\t\t<div class=\"elementor-column elementor-col-50 elementor-inner-column elementor-element elementor-element-11527c6\" data-id=\"11527c6\" data-element_type=\"column\" data-e-type=\"column\">\n\t\t\t<div class=\"elementor-widget-wrap elementor-element-populated\">\n\t\t\t\t\t\t<div class=\"elementor-element elementor-element-7d89b3e elementor-widget elementor-widget-image\" data-id=\"7d89b3e\" data-element_type=\"widget\" data-e-type=\"widget\" download=\"\" dokumente=\"\" informationen=\"\" produktinformationen=\"\" pr=\"\" brosch=\"\" data-widget_type=\"image.default\">\n\t\t\t\t<div class=\"elementor-widget-container\">\n\t\t\t\t\t\t\t\t\t\t\t\t\t\t\t<img fetchpriority=\"high\" decoding=\"async\" width=\"430\" height=\"430\" src=\"https:\/\/www.fela.swiss\/wp-content\/uploads\/2023\/02\/Karriere-430x430.png\" class=\"attachment-bild_text size-bild_text wp-image-12951\" alt=\"\" srcset=\"https:\/\/www.fela.swiss\/wp-content\/uploads\/2023\/02\/Karriere-430x430.png 430w, https:\/\/www.fela.swiss\/wp-content\/uploads\/2023\/02\/Karriere-300x300.png 300w, https:\/\/www.fela.swiss\/wp-content\/uploads\/2023\/02\/Karriere-1024x1024.png 1024w, https:\/\/www.fela.swiss\/wp-content\/uploads\/2023\/02\/Karriere-150x150.png 150w, https:\/\/www.fela.swiss\/wp-content\/uploads\/2023\/02\/Karriere-768x768.png 768w, https:\/\/www.fela.swiss\/wp-content\/uploads\/2023\/02\/Karriere-500x500.png 500w, https:\/\/www.fela.swiss\/wp-content\/uploads\/2023\/02\/Karriere.png 1080w\" sizes=\"(max-width: 430px) 100vw, 430px\" \/>\t\t\t\t\t\t\t\t\t\t\t\t\t\t\t<\/div>\n\t\t\t\t<\/div>\n\t\t\t\t\t<\/div>\n\t\t<\/div>\n\t\t\t\t<div class=\"elementor-column elementor-col-50 elementor-inner-column elementor-element elementor-element-209c315\" data-id=\"209c315\" data-element_type=\"column\" data-e-type=\"column\">\n\t\t\t<div class=\"elementor-widget-wrap elementor-element-populated\">\n\t\t\t\t\t\t<div class=\"elementor-element elementor-element-3a0d8a6 elementor-widget elementor-widget-text-editor\" data-id=\"3a0d8a6\" data-element_type=\"widget\" data-e-type=\"widget\" data-widget_type=\"text-editor.default\">\n\t\t\t\t<div class=\"elementor-widget-container\">\n\t\t\t\t\t\t\t\t\t<h3><strong>Travailler chez FELA, c\u2019est plus qu\u2019un simple travail.<\/strong><\/h3><br>Une carri\u00e8re chez FELA, c&rsquo;est participer \u00e0 des projets toujours nouveaux et exigeants dans l&rsquo;information aux voyageurs, de la billetterie, des trackers IoT bas\u00e9s sur le GPS pour les transports publics, le transport et la logistique.<br><br>Travail d\u2019\u00e9quipe cr\u00e9atif, brainstorming, codage, ing\u00e9nierie, conception sur mesure, service et assistance. L&rsquo;objectif du client est au centre de nos pr\u00e9occupations. Notre mission est la satisfaction de nos clients, avec lesquels nous travaillons toujours en \u00e9troite collaboration<br><br>pour concevoir des solutions de syst\u00e8mes sophistiqu\u00e9es et parfaitement adapt\u00e9es aux exigences respectives.<br><br>Vous voulez faire notre connaissance ? C\u2019est r\u00e9ciproque !<br><br>Contactez-nous d\u00e8s aujourd\u2019hui. Nous nous r\u00e9jouissons de votre message.\t\t\t\t\t\t\t\t<\/div>\n\t\t\t\t<\/div>\n\t\t\t\t\t<\/div>\n\t\t<\/div>\n\t\t\t\t\t<\/div>\n\t\t<\/section>\n\t\t\t\t\t<\/div>\n\t\t<\/div>\n\t\t\t\t\t<\/div>\n\t\t<\/section>\n\t\t\t\t<section class=\"elementor-section elementor-top-section elementor-element elementor-element-fcf1441 elementor-section-boxed elementor-section-height-default elementor-section-height-default\" data-id=\"fcf1441\" data-element_type=\"section\" data-e-type=\"section\">\n\t\t\t\t\t\t<div class=\"elementor-container elementor-column-gap-default\">\n\t\t\t\t\t<div class=\"elementor-column elementor-col-100 elementor-top-column elementor-element elementor-element-c748a83\" data-id=\"c748a83\" data-element_type=\"column\" data-e-type=\"column\">\n\t\t\t<div class=\"elementor-widget-wrap elementor-element-populated\">\n\t\t\t\t\t\t<div class=\"elementor-element elementor-element-c1984cf elementor-widget elementor-widget-spacer\" data-id=\"c1984cf\" data-element_type=\"widget\" data-e-type=\"widget\" data-widget_type=\"spacer.default\">\n\t\t\t\t<div class=\"elementor-widget-container\">\n\t\t\t\t\t\t\t<div class=\"elementor-spacer\">\n\t\t\t<div class=\"elementor-spacer-inner\"><\/div>\n\t\t<\/div>\n\t\t\t\t\t\t<\/div>\n\t\t\t\t<\/div>\n\t\t\t\t<div class=\"elementor-element elementor-element-2e19073 elementor-widget elementor-widget-heading\" data-id=\"2e19073\" data-element_type=\"widget\" data-e-type=\"widget\" data-widget_type=\"heading.default\">\n\t\t\t\t<div class=\"elementor-widget-container\">\n\t\t\t\t\t<h2 class=\"elementor-heading-title elementor-size-large\">Postes vacants chez fela<\/h2>\t\t\t\t<\/div>\n\t\t\t\t<\/div>\n\t\t\t\t<div class=\"elementor-element elementor-element-440e847 elementor-widget elementor-widget-spacer\" data-id=\"440e847\" data-element_type=\"widget\" data-e-type=\"widget\" data-widget_type=\"spacer.default\">\n\t\t\t\t<div class=\"elementor-widget-container\">\n\t\t\t\t\t\t\t<div class=\"elementor-spacer\">\n\t\t\t<div class=\"elementor-spacer-inner\"><\/div>\n\t\t<\/div>\n\t\t\t\t\t\t<\/div>\n\t\t\t\t<\/div>\n\t\t\t\t<section class=\"elementor-section elementor-inner-section elementor-element elementor-element-cc818d9 elementor-section-boxed elementor-section-height-default elementor-section-height-default\" data-id=\"cc818d9\" data-element_type=\"section\" data-e-type=\"section\">\n\t\t\t\t\t\t<div class=\"elementor-container elementor-column-gap-default\">\n\t\t\t\t\t<div class=\"elementor-column elementor-col-50 elementor-inner-column elementor-element elementor-element-d075f51\" data-id=\"d075f51\" data-element_type=\"column\" data-e-type=\"column\">\n\t\t\t<div class=\"elementor-widget-wrap elementor-element-populated\">\n\t\t\t\t\t\t<div class=\"elementor-element elementor-element-3ecf613 elementor-widget elementor-widget-heading\" data-id=\"3ecf613\" data-element_type=\"widget\" data-e-type=\"widget\" data-widget_type=\"heading.default\">\n\t\t\t\t<div class=\"elementor-widget-container\">\n\t\t\t\t\t<h3 class=\"elementor-heading-title elementor-size-default\">Diessenhofen<\/h3>\t\t\t\t<\/div>\n\t\t\t\t<\/div>\n\t\t\t\t\t<\/div>\n\t\t<\/div>\n\t\t\t\t<div class=\"elementor-column elementor-col-50 elementor-inner-column elementor-element elementor-element-059c701\" data-id=\"059c701\" data-element_type=\"column\" data-e-type=\"column\">\n\t\t\t<div class=\"elementor-widget-wrap elementor-element-populated\">\n\t\t\t\t\t\t<div class=\"elementor-element elementor-element-8deab75 elementor-icon-list--layout-traditional elementor-list-item-link-full_width elementor-widget elementor-widget-icon-list\" data-id=\"8deab75\" data-element_type=\"widget\" data-e-type=\"widget\" data-widget_type=\"icon-list.default\">\n\t\t\t\t<div class=\"elementor-widget-container\">\n\t\t\t\t\t\t\t<ul class=\"elementor-icon-list-items\">\n\t\t\t\t\t\t\t<li class=\"elementor-icon-list-item\">\n\t\t\t\t\t\t\t\t\t\t\t<a href=\"https:\/\/www.fela.swiss\/wp-content\/uploads\/2026\/03\/Stelle-Service-Elektrotechniker.pdf\" target=\"_blank\">\n\n\t\t\t\t\t\t\t\t\t\t\t\t<span class=\"elementor-icon-list-icon\">\n\t\t\t\t\t\t\t<i aria-hidden=\"true\" class=\"far fa-file-pdf\"><\/i>\t\t\t\t\t\t<\/span>\n\t\t\t\t\t\t\t\t\t\t<span class=\"elementor-icon-list-text\">Technicien(ne) de maintenance \u00e9lectrique \/ Ing\u00e9nieur(e) de maintenance (H\/F\/D) 80-100 % - Convient \u00e9galement aux personnes en reconversion professionnelle<\/span>\n\t\t\t\t\t\t\t\t\t\t\t<\/a>\n\t\t\t\t\t\t\t\t\t<\/li>\n\t\t\t\t\t\t<\/ul>\n\t\t\t\t\t\t<\/div>\n\t\t\t\t<\/div>\n\t\t\t\t<div class=\"elementor-element elementor-element-92a097b elementor-icon-list--layout-traditional elementor-list-item-link-full_width elementor-widget elementor-widget-icon-list\" data-id=\"92a097b\" data-element_type=\"widget\" data-e-type=\"widget\" data-widget_type=\"icon-list.default\">\n\t\t\t\t<div class=\"elementor-widget-container\">\n\t\t\t\t\t\t\t<ul class=\"elementor-icon-list-items\">\n\t\t\t\t\t\t\t<li class=\"elementor-icon-list-item\">\n\t\t\t\t\t\t\t\t\t\t\t<a href=\"https:\/\/www.fela.swiss\/wp-content\/uploads\/2026\/04\/Stellenanzeige-Logistiker-Lagerist.pdf\" target=\"_blank\">\n\n\t\t\t\t\t\t\t\t\t\t\t\t<span class=\"elementor-icon-list-icon\">\n\t\t\t\t\t\t\t<i aria-hidden=\"true\" class=\"far fa-file-pdf\"><\/i>\t\t\t\t\t\t<\/span>\n\t\t\t\t\t\t\t\t\t\t<span class=\"elementor-icon-list-text\">Logisticien\/ne (h\/f\/d) 80-100 %<\/span>\n\t\t\t\t\t\t\t\t\t\t\t<\/a>\n\t\t\t\t\t\t\t\t\t<\/li>\n\t\t\t\t\t\t<\/ul>\n\t\t\t\t\t\t<\/div>\n\t\t\t\t<\/div>\n\t\t\t\t\t<\/div>\n\t\t<\/div>\n\t\t\t\t\t<\/div>\n\t\t<\/section>\n\t\t\t\t\t<\/div>\n\t\t<\/div>\n\t\t\t\t\t<\/div>\n\t\t<\/section>\n\t\t\t\t<section class=\"elementor-section elementor-top-section elementor-element elementor-element-b7aedd1 elementor-section-boxed elementor-section-height-default elementor-section-height-default\" data-id=\"b7aedd1\" data-element_type=\"section\" data-e-type=\"section\">\n\t\t\t\t\t\t<div class=\"elementor-container elementor-column-gap-default\">\n\t\t\t\t\t<div class=\"elementor-column elementor-col-100 elementor-top-column elementor-element elementor-element-cfc8c41\" data-id=\"cfc8c41\" data-element_type=\"column\" data-e-type=\"column\">\n\t\t\t<div class=\"elementor-widget-wrap elementor-element-populated\">\n\t\t\t\t\t\t\t<\/div>\n\t\t<\/div>\n\t\t\t\t\t<\/div>\n\t\t<\/section>\n\t\t\t\t<\/div>\n\t\t","protected":false},"excerpt":{"rendered":"<p>Rejoins notre \u00e9quipe \u00e0 Diessenhofen ou \u00e0 Meisenheim. Carri\u00e8re chez fela Travailler chez FELA, c\u2019est plus qu\u2019un simple travail. Une carri\u00e8re chez FELA, c&rsquo;est participer \u00e0 des projets toujours nouveaux et exigeants dans l&rsquo;information aux voyageurs, de la billetterie, des trackers IoT bas\u00e9s sur le GPS pour les transports publics, le transport et la logistique. [&hellip;]<\/p>\n","protected":false},"author":10,"featured_media":0,"parent":14652,"menu_order":50,"comment_status":"closed","ping_status":"closed","template":"elementor_header_footer","meta":{"_acf_changed":false,"footnotes":"","_links_to":"","_links_to_target":""},"class_list":["post-14727","page","type-page","status-publish","hentry"],"acf":[],"yoast_head":"<!-- This site is optimized with the Yoast SEO plugin v26.8 - https:\/\/yoast.com\/product\/yoast-seo-wordpress\/ -->\n<title>Carri\u00e8re chez fela FELA Management AG<\/title>\n<meta name=\"description\" content=\"Carri\u00e8re chez FELA c&#039;est plus qu&#039;un simple travail. Travail d\u2019\u00e9quipe cr\u00e9atif, brainstorming, codage, ing\u00e9nierie, conception sur mesure, service et assistance.\" \/>\n<meta name=\"robots\" content=\"index, follow, max-snippet:-1, max-image-preview:large, max-video-preview:-1\" \/>\n<link rel=\"canonical\" href=\"https:\/\/www.fela.swiss\/fr\/a-notre-sujet\/carriere-chez-fela\/\" \/>\n<meta property=\"og:locale\" content=\"fr_FR\" \/>\n<meta property=\"og:type\" content=\"article\" \/>\n<meta property=\"og:title\" content=\"Carri\u00e8re chez fela FELA Management AG\" \/>\n<meta property=\"og:description\" content=\"Carri\u00e8re chez FELA c&#039;est plus qu&#039;un simple travail. Travail d\u2019\u00e9quipe cr\u00e9atif, brainstorming, codage, ing\u00e9nierie, conception sur mesure, service et assistance.\" \/>\n<meta property=\"og:url\" content=\"https:\/\/www.fela.swiss\/fr\/a-notre-sujet\/carriere-chez-fela\/\" \/>\n<meta property=\"og:site_name\" content=\"FELA Management AG\" \/>\n<meta property=\"article:modified_time\" content=\"2026-04-01T09:52:38+00:00\" \/>\n<meta property=\"og:image\" content=\"https:\/\/www.fela.swiss\/wp-content\/uploads\/2023\/02\/Karriere.png\" \/>\n\t<meta property=\"og:image:width\" content=\"1080\" \/>\n\t<meta property=\"og:image:height\" content=\"1080\" \/>\n\t<meta property=\"og:image:type\" content=\"image\/png\" \/>\n<meta name=\"twitter:card\" content=\"summary_large_image\" \/>\n<meta name=\"twitter:label1\" content=\"Dur\u00e9e de lecture estim\u00e9e\" \/>\n\t<meta name=\"twitter:data1\" content=\"1 minute\" \/>\n<script type=\"application\/ld+json\" class=\"yoast-schema-graph\">{\"@context\":\"https:\/\/schema.org\",\"@graph\":[{\"@type\":\"WebPage\",\"@id\":\"https:\/\/www.fela.swiss\/fr\/a-notre-sujet\/carriere-chez-fela\/\",\"url\":\"https:\/\/www.fela.swiss\/fr\/a-notre-sujet\/carriere-chez-fela\/\",\"name\":\"Carri\u00e8re chez fela FELA Management AG\",\"isPartOf\":{\"@id\":\"https:\/\/www.fela.swiss\/fr\/#website\"},\"primaryImageOfPage\":{\"@id\":\"https:\/\/www.fela.swiss\/fr\/a-notre-sujet\/carriere-chez-fela\/#primaryimage\"},\"image\":{\"@id\":\"https:\/\/www.fela.swiss\/fr\/a-notre-sujet\/carriere-chez-fela\/#primaryimage\"},\"thumbnailUrl\":\"https:\/\/www.fela.swiss\/wp-content\/uploads\/2023\/02\/Karriere-430x430.png\",\"datePublished\":\"2023-06-12T15:07:26+00:00\",\"dateModified\":\"2026-04-01T09:52:38+00:00\",\"description\":\"Carri\u00e8re chez FELA c'est plus qu'un simple travail. Travail d\u2019\u00e9quipe cr\u00e9atif, brainstorming, codage, ing\u00e9nierie, conception sur mesure, service et assistance.\",\"breadcrumb\":{\"@id\":\"https:\/\/www.fela.swiss\/fr\/a-notre-sujet\/carriere-chez-fela\/#breadcrumb\"},\"inLanguage\":\"fr-FR\",\"potentialAction\":[{\"@type\":\"ReadAction\",\"target\":[\"https:\/\/www.fela.swiss\/fr\/a-notre-sujet\/carriere-chez-fela\/\"]}]},{\"@type\":\"ImageObject\",\"inLanguage\":\"fr-FR\",\"@id\":\"https:\/\/www.fela.swiss\/fr\/a-notre-sujet\/carriere-chez-fela\/#primaryimage\",\"url\":\"https:\/\/www.fela.swiss\/wp-content\/uploads\/2023\/02\/Karriere-430x430.png\",\"contentUrl\":\"https:\/\/www.fela.swiss\/wp-content\/uploads\/2023\/02\/Karriere-430x430.png\"},{\"@type\":\"BreadcrumbList\",\"@id\":\"https:\/\/www.fela.swiss\/fr\/a-notre-sujet\/carriere-chez-fela\/#breadcrumb\",\"itemListElement\":[{\"@type\":\"ListItem\",\"position\":1,\"name\":\"Startseite\",\"item\":\"https:\/\/www.fela.swiss\/fr\/\"},{\"@type\":\"ListItem\",\"position\":2,\"name\":\"\u00c0 notre sujet\",\"item\":\"https:\/\/www.fela.swiss\/fr\/a-notre-sujet\/\"},{\"@type\":\"ListItem\",\"position\":3,\"name\":\"Carri\u00e8re chez fela\"}]},{\"@type\":\"WebSite\",\"@id\":\"https:\/\/www.fela.swiss\/fr\/#website\",\"url\":\"https:\/\/www.fela.swiss\/fr\/\",\"name\":\"FELA Management AG\",\"description\":\"Individuelle Systeml\u00f6sungen f\u00fcr den \u00f6ffentlichen Verkehr\",\"potentialAction\":[{\"@type\":\"SearchAction\",\"target\":{\"@type\":\"EntryPoint\",\"urlTemplate\":\"https:\/\/www.fela.swiss\/fr\/?s={search_term_string}\"},\"query-input\":{\"@type\":\"PropertyValueSpecification\",\"valueRequired\":true,\"valueName\":\"search_term_string\"}}],\"inLanguage\":\"fr-FR\"}]}<\/script>\n<!-- \/ Yoast SEO plugin. -->","yoast_head_json":{"title":"Carri\u00e8re chez fela FELA Management AG","description":"Carri\u00e8re chez FELA c'est plus qu'un simple travail. Travail d\u2019\u00e9quipe cr\u00e9atif, brainstorming, codage, ing\u00e9nierie, conception sur mesure, service et assistance.","robots":{"index":"index","follow":"follow","max-snippet":"max-snippet:-1","max-image-preview":"max-image-preview:large","max-video-preview":"max-video-preview:-1"},"canonical":"https:\/\/www.fela.swiss\/fr\/a-notre-sujet\/carriere-chez-fela\/","og_locale":"fr_FR","og_type":"article","og_title":"Carri\u00e8re chez fela FELA Management AG","og_description":"Carri\u00e8re chez FELA c'est plus qu'un simple travail. Travail d\u2019\u00e9quipe cr\u00e9atif, brainstorming, codage, ing\u00e9nierie, conception sur mesure, service et assistance.","og_url":"https:\/\/www.fela.swiss\/fr\/a-notre-sujet\/carriere-chez-fela\/","og_site_name":"FELA Management AG","article_modified_time":"2026-04-01T09:52:38+00:00","og_image":[{"width":1080,"height":1080,"url":"https:\/\/www.fela.swiss\/wp-content\/uploads\/2023\/02\/Karriere.png","type":"image\/png"}],"twitter_card":"summary_large_image","twitter_misc":{"Dur\u00e9e de lecture estim\u00e9e":"1 minute"},"schema":{"@context":"https:\/\/schema.org","@graph":[{"@type":"WebPage","@id":"https:\/\/www.fela.swiss\/fr\/a-notre-sujet\/carriere-chez-fela\/","url":"https:\/\/www.fela.swiss\/fr\/a-notre-sujet\/carriere-chez-fela\/","name":"Carri\u00e8re chez fela FELA Management AG","isPartOf":{"@id":"https:\/\/www.fela.swiss\/fr\/#website"},"primaryImageOfPage":{"@id":"https:\/\/www.fela.swiss\/fr\/a-notre-sujet\/carriere-chez-fela\/#primaryimage"},"image":{"@id":"https:\/\/www.fela.swiss\/fr\/a-notre-sujet\/carriere-chez-fela\/#primaryimage"},"thumbnailUrl":"https:\/\/www.fela.swiss\/wp-content\/uploads\/2023\/02\/Karriere-430x430.png","datePublished":"2023-06-12T15:07:26+00:00","dateModified":"2026-04-01T09:52:38+00:00","description":"Carri\u00e8re chez FELA c'est plus qu'un simple travail. Travail d\u2019\u00e9quipe cr\u00e9atif, brainstorming, codage, ing\u00e9nierie, conception sur mesure, service et assistance.","breadcrumb":{"@id":"https:\/\/www.fela.swiss\/fr\/a-notre-sujet\/carriere-chez-fela\/#breadcrumb"},"inLanguage":"fr-FR","potentialAction":[{"@type":"ReadAction","target":["https:\/\/www.fela.swiss\/fr\/a-notre-sujet\/carriere-chez-fela\/"]}]},{"@type":"ImageObject","inLanguage":"fr-FR","@id":"https:\/\/www.fela.swiss\/fr\/a-notre-sujet\/carriere-chez-fela\/#primaryimage","url":"https:\/\/www.fela.swiss\/wp-content\/uploads\/2023\/02\/Karriere-430x430.png","contentUrl":"https:\/\/www.fela.swiss\/wp-content\/uploads\/2023\/02\/Karriere-430x430.png"},{"@type":"BreadcrumbList","@id":"https:\/\/www.fela.swiss\/fr\/a-notre-sujet\/carriere-chez-fela\/#breadcrumb","itemListElement":[{"@type":"ListItem","position":1,"name":"Startseite","item":"https:\/\/www.fela.swiss\/fr\/"},{"@type":"ListItem","position":2,"name":"\u00c0 notre sujet","item":"https:\/\/www.fela.swiss\/fr\/a-notre-sujet\/"},{"@type":"ListItem","position":3,"name":"Carri\u00e8re chez fela"}]},{"@type":"WebSite","@id":"https:\/\/www.fela.swiss\/fr\/#website","url":"https:\/\/www.fela.swiss\/fr\/","name":"FELA Management AG","description":"Individuelle Systeml\u00f6sungen f\u00fcr den \u00f6ffentlichen Verkehr","potentialAction":[{"@type":"SearchAction","target":{"@type":"EntryPoint","urlTemplate":"https:\/\/www.fela.swiss\/fr\/?s={search_term_string}"},"query-input":{"@type":"PropertyValueSpecification","valueRequired":true,"valueName":"search_term_string"}}],"inLanguage":"fr-FR"}]}},"_links":{"self":[{"href":"https:\/\/www.fela.swiss\/fr\/wp-json\/wp\/v2\/pages\/14727","targetHints":{"allow":["GET"]}}],"collection":[{"href":"https:\/\/www.fela.swiss\/fr\/wp-json\/wp\/v2\/pages"}],"about":[{"href":"https:\/\/www.fela.swiss\/fr\/wp-json\/wp\/v2\/types\/page"}],"author":[{"embeddable":true,"href":"https:\/\/www.fela.swiss\/fr\/wp-json\/wp\/v2\/users\/10"}],"replies":[{"embeddable":true,"href":"https:\/\/www.fela.swiss\/fr\/wp-json\/wp\/v2\/comments?post=14727"}],"version-history":[{"count":138,"href":"https:\/\/www.fela.swiss\/fr\/wp-json\/wp\/v2\/pages\/14727\/revisions"}],"predecessor-version":[{"id":22017,"href":"https:\/\/www.fela.swiss\/fr\/wp-json\/wp\/v2\/pages\/14727\/revisions\/22017"}],"up":[{"embeddable":true,"href":"https:\/\/www.fela.swiss\/fr\/wp-json\/wp\/v2\/pages\/14652"}],"wp:attachment":[{"href":"https:\/\/www.fela.swiss\/fr\/wp-json\/wp\/v2\/media?parent=14727"}],"curies":[{"name":"wp","href":"https:\/\/api.w.org\/{rel}","templated":true}]}}