{"id":4466,"date":"2019-12-06T11:46:37","date_gmt":"2019-12-06T10:46:37","guid":{"rendered":"https:\/\/www.fela.swiss\/datenschutz\/"},"modified":"2023-09-19T16:48:36","modified_gmt":"2023-09-19T14:48:36","slug":"protection-des-donnees","status":"publish","type":"page","link":"https:\/\/www.fela.swiss\/fr\/protection-des-donnees\/","title":{"rendered":"Protection des donn\u00e9es"},"content":{"rendered":"","protected":false},"excerpt":{"rendered":"","protected":false},"author":1,"featured_media":0,"parent":0,"menu_order":90,"comment_status":"closed","ping_status":"closed","template":"template_impressum_datenschutz.php","meta":{"_acf_changed":false,"footnotes":"","_links_to":"","_links_to_target":""},"class_list":["post-4466","page","type-page","status-publish","hentry"],"acf":[],"yoast_head":"<!-- This site is optimized with the Yoast SEO plugin v26.8 - https:\/\/yoast.com\/product\/yoast-seo-wordpress\/ -->\n<title>Protection des donn\u00e9es - FELA Management AG<\/title>\n<meta name=\"description\" content=\"Fela prend la protection des donn\u00e9es tr\u00e8s au s\u00e9rieux et les traite de mani\u00e8re confidentielle et conform\u00e9ment aux dispositions l\u00e9gales.\" \/>\n<meta name=\"robots\" content=\"index, follow, max-snippet:-1, max-image-preview:large, max-video-preview:-1\" \/>\n<link rel=\"canonical\" href=\"https:\/\/www.fela.swiss\/fr\/protection-des-donnees\/\" \/>\n<meta property=\"og:locale\" content=\"fr_FR\" \/>\n<meta property=\"og:type\" content=\"article\" \/>\n<meta property=\"og:title\" content=\"Protection des donn\u00e9es - FELA Management AG\" \/>\n<meta property=\"og:description\" content=\"Fela prend la protection des donn\u00e9es tr\u00e8s au s\u00e9rieux et les traite de mani\u00e8re confidentielle et conform\u00e9ment aux dispositions l\u00e9gales.\" \/>\n<meta property=\"og:url\" content=\"https:\/\/www.fela.swiss\/fr\/protection-des-donnees\/\" \/>\n<meta property=\"og:site_name\" content=\"FELA Management AG\" \/>\n<meta property=\"article:modified_time\" content=\"2023-09-19T14:48:36+00:00\" \/>\n<meta name=\"twitter:card\" content=\"summary_large_image\" \/>\n<script type=\"application\/ld+json\" class=\"yoast-schema-graph\">{\"@context\":\"https:\/\/schema.org\",\"@graph\":[{\"@type\":\"WebPage\",\"@id\":\"https:\/\/www.fela.swiss\/fr\/protection-des-donnees\/\",\"url\":\"https:\/\/www.fela.swiss\/fr\/protection-des-donnees\/\",\"name\":\"Protection des donn\u00e9es - FELA Management AG\",\"isPartOf\":{\"@id\":\"https:\/\/www.fela.swiss\/fr\/#website\"},\"datePublished\":\"2019-12-06T10:46:37+00:00\",\"dateModified\":\"2023-09-19T14:48:36+00:00\",\"description\":\"Fela prend la protection des donn\u00e9es tr\u00e8s au s\u00e9rieux et les traite de mani\u00e8re confidentielle et conform\u00e9ment aux dispositions l\u00e9gales.\",\"breadcrumb\":{\"@id\":\"https:\/\/www.fela.swiss\/fr\/protection-des-donnees\/#breadcrumb\"},\"inLanguage\":\"fr-FR\",\"potentialAction\":[{\"@type\":\"ReadAction\",\"target\":[\"https:\/\/www.fela.swiss\/fr\/protection-des-donnees\/\"]}]},{\"@type\":\"BreadcrumbList\",\"@id\":\"https:\/\/www.fela.swiss\/fr\/protection-des-donnees\/#breadcrumb\",\"itemListElement\":[{\"@type\":\"ListItem\",\"position\":1,\"name\":\"Startseite\",\"item\":\"https:\/\/www.fela.swiss\/fr\/\"},{\"@type\":\"ListItem\",\"position\":2,\"name\":\"Protection des donn\u00e9es\"}]},{\"@type\":\"WebSite\",\"@id\":\"https:\/\/www.fela.swiss\/fr\/#website\",\"url\":\"https:\/\/www.fela.swiss\/fr\/\",\"name\":\"FELA Management AG\",\"description\":\"Individuelle Systeml\u00f6sungen f\u00fcr den \u00f6ffentlichen Verkehr\",\"potentialAction\":[{\"@type\":\"SearchAction\",\"target\":{\"@type\":\"EntryPoint\",\"urlTemplate\":\"https:\/\/www.fela.swiss\/fr\/?s={search_term_string}\"},\"query-input\":{\"@type\":\"PropertyValueSpecification\",\"valueRequired\":true,\"valueName\":\"search_term_string\"}}],\"inLanguage\":\"fr-FR\"}]}<\/script>\n<!-- \/ Yoast SEO plugin. -->","yoast_head_json":{"title":"Protection des donn\u00e9es - FELA Management AG","description":"Fela prend la protection des donn\u00e9es tr\u00e8s au s\u00e9rieux et les traite de mani\u00e8re confidentielle et conform\u00e9ment aux dispositions l\u00e9gales.","robots":{"index":"index","follow":"follow","max-snippet":"max-snippet:-1","max-image-preview":"max-image-preview:large","max-video-preview":"max-video-preview:-1"},"canonical":"https:\/\/www.fela.swiss\/fr\/protection-des-donnees\/","og_locale":"fr_FR","og_type":"article","og_title":"Protection des donn\u00e9es - FELA Management AG","og_description":"Fela prend la protection des donn\u00e9es tr\u00e8s au s\u00e9rieux et les traite de mani\u00e8re confidentielle et conform\u00e9ment aux dispositions l\u00e9gales.","og_url":"https:\/\/www.fela.swiss\/fr\/protection-des-donnees\/","og_site_name":"FELA Management AG","article_modified_time":"2023-09-19T14:48:36+00:00","twitter_card":"summary_large_image","schema":{"@context":"https:\/\/schema.org","@graph":[{"@type":"WebPage","@id":"https:\/\/www.fela.swiss\/fr\/protection-des-donnees\/","url":"https:\/\/www.fela.swiss\/fr\/protection-des-donnees\/","name":"Protection des donn\u00e9es - FELA Management AG","isPartOf":{"@id":"https:\/\/www.fela.swiss\/fr\/#website"},"datePublished":"2019-12-06T10:46:37+00:00","dateModified":"2023-09-19T14:48:36+00:00","description":"Fela prend la protection des donn\u00e9es tr\u00e8s au s\u00e9rieux et les traite de mani\u00e8re confidentielle et conform\u00e9ment aux dispositions l\u00e9gales.","breadcrumb":{"@id":"https:\/\/www.fela.swiss\/fr\/protection-des-donnees\/#breadcrumb"},"inLanguage":"fr-FR","potentialAction":[{"@type":"ReadAction","target":["https:\/\/www.fela.swiss\/fr\/protection-des-donnees\/"]}]},{"@type":"BreadcrumbList","@id":"https:\/\/www.fela.swiss\/fr\/protection-des-donnees\/#breadcrumb","itemListElement":[{"@type":"ListItem","position":1,"name":"Startseite","item":"https:\/\/www.fela.swiss\/fr\/"},{"@type":"ListItem","position":2,"name":"Protection des donn\u00e9es"}]},{"@type":"WebSite","@id":"https:\/\/www.fela.swiss\/fr\/#website","url":"https:\/\/www.fela.swiss\/fr\/","name":"FELA Management AG","description":"Individuelle Systeml\u00f6sungen f\u00fcr den \u00f6ffentlichen Verkehr","potentialAction":[{"@type":"SearchAction","target":{"@type":"EntryPoint","urlTemplate":"https:\/\/www.fela.swiss\/fr\/?s={search_term_string}"},"query-input":{"@type":"PropertyValueSpecification","valueRequired":true,"valueName":"search_term_string"}}],"inLanguage":"fr-FR"}]}},"_links":{"self":[{"href":"https:\/\/www.fela.swiss\/fr\/wp-json\/wp\/v2\/pages\/4466","targetHints":{"allow":["GET"]}}],"collection":[{"href":"https:\/\/www.fela.swiss\/fr\/wp-json\/wp\/v2\/pages"}],"about":[{"href":"https:\/\/www.fela.swiss\/fr\/wp-json\/wp\/v2\/types\/page"}],"author":[{"embeddable":true,"href":"https:\/\/www.fela.swiss\/fr\/wp-json\/wp\/v2\/users\/1"}],"replies":[{"embeddable":true,"href":"https:\/\/www.fela.swiss\/fr\/wp-json\/wp\/v2\/comments?post=4466"}],"version-history":[{"count":4,"href":"https:\/\/www.fela.swiss\/fr\/wp-json\/wp\/v2\/pages\/4466\/revisions"}],"predecessor-version":[{"id":17640,"href":"https:\/\/www.fela.swiss\/fr\/wp-json\/wp\/v2\/pages\/4466\/revisions\/17640"}],"wp:attachment":[{"href":"https:\/\/www.fela.swiss\/fr\/wp-json\/wp\/v2\/media?parent=4466"}],"curies":[{"name":"wp","href":"https:\/\/api.w.org\/{rel}","templated":true}]}}