{"id":4489,"date":"2019-10-30T12:45:16","date_gmt":"2019-10-30T11:45:16","guid":{"rendered":"https:\/\/www.fela.swiss\/geo-fencing\/"},"modified":"2020-10-12T17:13:04","modified_gmt":"2020-10-12T15:13:04","slug":"geofencing","status":"publish","type":"page","link":"https:\/\/www.fela.swiss\/fr\/suivi-ido\/geofencing\/","title":{"rendered":"Geofencing"},"content":{"rendered":"","protected":false},"excerpt":{"rendered":"","protected":false},"author":1,"featured_media":0,"parent":4601,"menu_order":30,"comment_status":"closed","ping_status":"closed","template":"","meta":{"_acf_changed":false,"footnotes":"","_links_to":"","_links_to_target":""},"class_list":["post-4489","page","type-page","status-publish","hentry"],"acf":[],"yoast_head":"<!-- This site is optimized with the Yoast SEO plugin v26.8 - https:\/\/yoast.com\/product\/yoast-seo-wordpress\/ -->\n<title>Geofencing - FELA Management AG<\/title>\n<meta name=\"robots\" content=\"index, follow, max-snippet:-1, max-image-preview:large, max-video-preview:-1\" \/>\n<link rel=\"canonical\" href=\"https:\/\/www.fela.swiss\/fr\/suivi-ido\/geofencing\/\" \/>\n<meta property=\"og:locale\" content=\"fr_FR\" \/>\n<meta property=\"og:type\" content=\"article\" \/>\n<meta property=\"og:title\" content=\"Geofencing - FELA Management AG\" \/>\n<meta property=\"og:url\" content=\"https:\/\/www.fela.swiss\/fr\/suivi-ido\/geofencing\/\" \/>\n<meta property=\"og:site_name\" content=\"FELA Management AG\" \/>\n<meta property=\"article:modified_time\" content=\"2020-10-12T15:13:04+00:00\" \/>\n<meta name=\"twitter:card\" content=\"summary_large_image\" \/>\n<script type=\"application\/ld+json\" class=\"yoast-schema-graph\">{\"@context\":\"https:\/\/schema.org\",\"@graph\":[{\"@type\":\"WebPage\",\"@id\":\"https:\/\/www.fela.swiss\/fr\/suivi-ido\/geofencing\/\",\"url\":\"https:\/\/www.fela.swiss\/fr\/suivi-ido\/geofencing\/\",\"name\":\"Geofencing - FELA Management AG\",\"isPartOf\":{\"@id\":\"https:\/\/www.fela.swiss\/fr\/#website\"},\"datePublished\":\"2019-10-30T11:45:16+00:00\",\"dateModified\":\"2020-10-12T15:13:04+00:00\",\"breadcrumb\":{\"@id\":\"https:\/\/www.fela.swiss\/fr\/suivi-ido\/geofencing\/#breadcrumb\"},\"inLanguage\":\"fr-FR\",\"potentialAction\":[{\"@type\":\"ReadAction\",\"target\":[\"https:\/\/www.fela.swiss\/fr\/suivi-ido\/geofencing\/\"]}]},{\"@type\":\"BreadcrumbList\",\"@id\":\"https:\/\/www.fela.swiss\/fr\/suivi-ido\/geofencing\/#breadcrumb\",\"itemListElement\":[{\"@type\":\"ListItem\",\"position\":1,\"name\":\"Startseite\",\"item\":\"https:\/\/www.fela.swiss\/fr\/\"},{\"@type\":\"ListItem\",\"position\":2,\"name\":\"Priv\u00e9\u00a0: Suivi IdO\",\"item\":\"https:\/\/www.fela.swiss\/fr\/?page_id=4601\"},{\"@type\":\"ListItem\",\"position\":3,\"name\":\"Geofencing\"}]},{\"@type\":\"WebSite\",\"@id\":\"https:\/\/www.fela.swiss\/fr\/#website\",\"url\":\"https:\/\/www.fela.swiss\/fr\/\",\"name\":\"FELA Management AG\",\"description\":\"Individuelle Systeml\u00f6sungen f\u00fcr den \u00f6ffentlichen Verkehr\",\"potentialAction\":[{\"@type\":\"SearchAction\",\"target\":{\"@type\":\"EntryPoint\",\"urlTemplate\":\"https:\/\/www.fela.swiss\/fr\/?s={search_term_string}\"},\"query-input\":{\"@type\":\"PropertyValueSpecification\",\"valueRequired\":true,\"valueName\":\"search_term_string\"}}],\"inLanguage\":\"fr-FR\"}]}<\/script>\n<!-- \/ Yoast SEO plugin. -->","yoast_head_json":{"title":"Geofencing - FELA Management AG","robots":{"index":"index","follow":"follow","max-snippet":"max-snippet:-1","max-image-preview":"max-image-preview:large","max-video-preview":"max-video-preview:-1"},"canonical":"https:\/\/www.fela.swiss\/fr\/suivi-ido\/geofencing\/","og_locale":"fr_FR","og_type":"article","og_title":"Geofencing - FELA Management AG","og_url":"https:\/\/www.fela.swiss\/fr\/suivi-ido\/geofencing\/","og_site_name":"FELA Management AG","article_modified_time":"2020-10-12T15:13:04+00:00","twitter_card":"summary_large_image","schema":{"@context":"https:\/\/schema.org","@graph":[{"@type":"WebPage","@id":"https:\/\/www.fela.swiss\/fr\/suivi-ido\/geofencing\/","url":"https:\/\/www.fela.swiss\/fr\/suivi-ido\/geofencing\/","name":"Geofencing - FELA Management AG","isPartOf":{"@id":"https:\/\/www.fela.swiss\/fr\/#website"},"datePublished":"2019-10-30T11:45:16+00:00","dateModified":"2020-10-12T15:13:04+00:00","breadcrumb":{"@id":"https:\/\/www.fela.swiss\/fr\/suivi-ido\/geofencing\/#breadcrumb"},"inLanguage":"fr-FR","potentialAction":[{"@type":"ReadAction","target":["https:\/\/www.fela.swiss\/fr\/suivi-ido\/geofencing\/"]}]},{"@type":"BreadcrumbList","@id":"https:\/\/www.fela.swiss\/fr\/suivi-ido\/geofencing\/#breadcrumb","itemListElement":[{"@type":"ListItem","position":1,"name":"Startseite","item":"https:\/\/www.fela.swiss\/fr\/"},{"@type":"ListItem","position":2,"name":"Priv\u00e9\u00a0: Suivi IdO","item":"https:\/\/www.fela.swiss\/fr\/?page_id=4601"},{"@type":"ListItem","position":3,"name":"Geofencing"}]},{"@type":"WebSite","@id":"https:\/\/www.fela.swiss\/fr\/#website","url":"https:\/\/www.fela.swiss\/fr\/","name":"FELA Management AG","description":"Individuelle Systeml\u00f6sungen f\u00fcr den \u00f6ffentlichen Verkehr","potentialAction":[{"@type":"SearchAction","target":{"@type":"EntryPoint","urlTemplate":"https:\/\/www.fela.swiss\/fr\/?s={search_term_string}"},"query-input":{"@type":"PropertyValueSpecification","valueRequired":true,"valueName":"search_term_string"}}],"inLanguage":"fr-FR"}]}},"_links":{"self":[{"href":"https:\/\/www.fela.swiss\/fr\/wp-json\/wp\/v2\/pages\/4489","targetHints":{"allow":["GET"]}}],"collection":[{"href":"https:\/\/www.fela.swiss\/fr\/wp-json\/wp\/v2\/pages"}],"about":[{"href":"https:\/\/www.fela.swiss\/fr\/wp-json\/wp\/v2\/types\/page"}],"author":[{"embeddable":true,"href":"https:\/\/www.fela.swiss\/fr\/wp-json\/wp\/v2\/users\/1"}],"replies":[{"embeddable":true,"href":"https:\/\/www.fela.swiss\/fr\/wp-json\/wp\/v2\/comments?post=4489"}],"version-history":[{"count":2,"href":"https:\/\/www.fela.swiss\/fr\/wp-json\/wp\/v2\/pages\/4489\/revisions"}],"predecessor-version":[{"id":5172,"href":"https:\/\/www.fela.swiss\/fr\/wp-json\/wp\/v2\/pages\/4489\/revisions\/5172"}],"up":[{"embeddable":true,"href":"https:\/\/www.fela.swiss\/fr\/wp-json\/wp\/v2\/pages\/4601"}],"wp:attachment":[{"href":"https:\/\/www.fela.swiss\/fr\/wp-json\/wp\/v2\/media?parent=4489"}],"curies":[{"name":"wp","href":"https:\/\/api.w.org\/{rel}","templated":true}]}}