{"id":4499,"date":"2019-10-30T12:44:06","date_gmt":"2019-10-30T11:44:06","guid":{"rendered":"https:\/\/www.fela.swiss\/systemloesung-backend-mobile\/"},"modified":"2020-10-12T16:54:37","modified_gmt":"2020-10-12T14:54:37","slug":"solution-systme-backend-mobile","status":"publish","type":"page","link":"https:\/\/www.fela.swiss\/fr\/solution-systme-backend-mobile\/","title":{"rendered":"Solution syst\u00e8me backend &#038; mobile"},"content":{"rendered":"","protected":false},"excerpt":{"rendered":"","protected":false},"author":1,"featured_media":0,"parent":0,"menu_order":60,"comment_status":"closed","ping_status":"closed","template":"","meta":{"_acf_changed":false,"footnotes":"","_links_to":"","_links_to_target":""},"class_list":["post-4499","page","type-page","status-publish","hentry"],"acf":[],"yoast_head":"<!-- This site is optimized with the Yoast SEO plugin v26.8 - https:\/\/yoast.com\/product\/yoast-seo-wordpress\/ -->\n<title>Solution syst\u00e8me backend &amp; mobile - FELA Management AG<\/title>\n<meta name=\"robots\" content=\"index, follow, max-snippet:-1, max-image-preview:large, max-video-preview:-1\" \/>\n<link rel=\"canonical\" href=\"https:\/\/www.fela.swiss\/fr\/solution-systme-backend-mobile\/\" \/>\n<meta property=\"og:locale\" content=\"fr_FR\" \/>\n<meta property=\"og:type\" content=\"article\" \/>\n<meta property=\"og:title\" content=\"Solution syst\u00e8me backend &amp; mobile - FELA Management AG\" \/>\n<meta property=\"og:url\" content=\"https:\/\/www.fela.swiss\/fr\/solution-systme-backend-mobile\/\" \/>\n<meta property=\"og:site_name\" content=\"FELA Management AG\" \/>\n<meta property=\"article:modified_time\" content=\"2020-10-12T14:54:37+00:00\" \/>\n<meta name=\"twitter:card\" content=\"summary_large_image\" \/>\n<script type=\"application\/ld+json\" class=\"yoast-schema-graph\">{\"@context\":\"https:\/\/schema.org\",\"@graph\":[{\"@type\":\"WebPage\",\"@id\":\"https:\/\/www.fela.swiss\/fr\/solution-systme-backend-mobile\/\",\"url\":\"https:\/\/www.fela.swiss\/fr\/solution-systme-backend-mobile\/\",\"name\":\"Solution syst\u00e8me backend & mobile - FELA Management AG\",\"isPartOf\":{\"@id\":\"https:\/\/www.fela.swiss\/fr\/#website\"},\"datePublished\":\"2019-10-30T11:44:06+00:00\",\"dateModified\":\"2020-10-12T14:54:37+00:00\",\"breadcrumb\":{\"@id\":\"https:\/\/www.fela.swiss\/fr\/solution-systme-backend-mobile\/#breadcrumb\"},\"inLanguage\":\"fr-FR\",\"potentialAction\":[{\"@type\":\"ReadAction\",\"target\":[\"https:\/\/www.fela.swiss\/fr\/solution-systme-backend-mobile\/\"]}]},{\"@type\":\"BreadcrumbList\",\"@id\":\"https:\/\/www.fela.swiss\/fr\/solution-systme-backend-mobile\/#breadcrumb\",\"itemListElement\":[{\"@type\":\"ListItem\",\"position\":1,\"name\":\"Startseite\",\"item\":\"https:\/\/www.fela.swiss\/fr\/\"},{\"@type\":\"ListItem\",\"position\":2,\"name\":\"Priv\u00e9\u00a0: Billetterie\",\"item\":\"https:\/\/www.fela.swiss\/fr\/?page_id=4605\"},{\"@type\":\"ListItem\",\"position\":3,\"name\":\"Solution syst\u00e8me backend &#038; mobile\"}]},{\"@type\":\"WebSite\",\"@id\":\"https:\/\/www.fela.swiss\/fr\/#website\",\"url\":\"https:\/\/www.fela.swiss\/fr\/\",\"name\":\"FELA Management AG\",\"description\":\"Individuelle Systeml\u00f6sungen f\u00fcr den \u00f6ffentlichen Verkehr\",\"potentialAction\":[{\"@type\":\"SearchAction\",\"target\":{\"@type\":\"EntryPoint\",\"urlTemplate\":\"https:\/\/www.fela.swiss\/fr\/?s={search_term_string}\"},\"query-input\":{\"@type\":\"PropertyValueSpecification\",\"valueRequired\":true,\"valueName\":\"search_term_string\"}}],\"inLanguage\":\"fr-FR\"}]}<\/script>\n<!-- \/ Yoast SEO plugin. -->","yoast_head_json":{"title":"Solution syst\u00e8me backend & mobile - FELA Management AG","robots":{"index":"index","follow":"follow","max-snippet":"max-snippet:-1","max-image-preview":"max-image-preview:large","max-video-preview":"max-video-preview:-1"},"canonical":"https:\/\/www.fela.swiss\/fr\/solution-systme-backend-mobile\/","og_locale":"fr_FR","og_type":"article","og_title":"Solution syst\u00e8me backend & mobile - FELA Management AG","og_url":"https:\/\/www.fela.swiss\/fr\/solution-systme-backend-mobile\/","og_site_name":"FELA Management AG","article_modified_time":"2020-10-12T14:54:37+00:00","twitter_card":"summary_large_image","schema":{"@context":"https:\/\/schema.org","@graph":[{"@type":"WebPage","@id":"https:\/\/www.fela.swiss\/fr\/solution-systme-backend-mobile\/","url":"https:\/\/www.fela.swiss\/fr\/solution-systme-backend-mobile\/","name":"Solution syst\u00e8me backend & mobile - FELA Management AG","isPartOf":{"@id":"https:\/\/www.fela.swiss\/fr\/#website"},"datePublished":"2019-10-30T11:44:06+00:00","dateModified":"2020-10-12T14:54:37+00:00","breadcrumb":{"@id":"https:\/\/www.fela.swiss\/fr\/solution-systme-backend-mobile\/#breadcrumb"},"inLanguage":"fr-FR","potentialAction":[{"@type":"ReadAction","target":["https:\/\/www.fela.swiss\/fr\/solution-systme-backend-mobile\/"]}]},{"@type":"BreadcrumbList","@id":"https:\/\/www.fela.swiss\/fr\/solution-systme-backend-mobile\/#breadcrumb","itemListElement":[{"@type":"ListItem","position":1,"name":"Startseite","item":"https:\/\/www.fela.swiss\/fr\/"},{"@type":"ListItem","position":2,"name":"Priv\u00e9\u00a0: Billetterie","item":"https:\/\/www.fela.swiss\/fr\/?page_id=4605"},{"@type":"ListItem","position":3,"name":"Solution syst\u00e8me backend &#038; mobile"}]},{"@type":"WebSite","@id":"https:\/\/www.fela.swiss\/fr\/#website","url":"https:\/\/www.fela.swiss\/fr\/","name":"FELA Management AG","description":"Individuelle Systeml\u00f6sungen f\u00fcr den \u00f6ffentlichen Verkehr","potentialAction":[{"@type":"SearchAction","target":{"@type":"EntryPoint","urlTemplate":"https:\/\/www.fela.swiss\/fr\/?s={search_term_string}"},"query-input":{"@type":"PropertyValueSpecification","valueRequired":true,"valueName":"search_term_string"}}],"inLanguage":"fr-FR"}]}},"_links":{"self":[{"href":"https:\/\/www.fela.swiss\/fr\/wp-json\/wp\/v2\/pages\/4499","targetHints":{"allow":["GET"]}}],"collection":[{"href":"https:\/\/www.fela.swiss\/fr\/wp-json\/wp\/v2\/pages"}],"about":[{"href":"https:\/\/www.fela.swiss\/fr\/wp-json\/wp\/v2\/types\/page"}],"author":[{"embeddable":true,"href":"https:\/\/www.fela.swiss\/fr\/wp-json\/wp\/v2\/users\/1"}],"replies":[{"embeddable":true,"href":"https:\/\/www.fela.swiss\/fr\/wp-json\/wp\/v2\/comments?post=4499"}],"version-history":[{"count":4,"href":"https:\/\/www.fela.swiss\/fr\/wp-json\/wp\/v2\/pages\/4499\/revisions"}],"predecessor-version":[{"id":5164,"href":"https:\/\/www.fela.swiss\/fr\/wp-json\/wp\/v2\/pages\/4499\/revisions\/5164"}],"wp:attachment":[{"href":"https:\/\/www.fela.swiss\/fr\/wp-json\/wp\/v2\/media?parent=4499"}],"curies":[{"name":"wp","href":"https:\/\/api.w.org\/{rel}","templated":true}]}}