{"id":4503,"date":"2019-10-30T12:43:08","date_gmt":"2019-10-30T11:43:08","guid":{"rendered":"https:\/\/www.fela.swiss\/ticketing\/ticketautomaten-mobil-stationaer\/"},"modified":"2024-04-29T16:03:11","modified_gmt":"2024-04-29T14:03:11","slug":"distributeurs-de-tickets-mobiles-fixes","status":"publish","type":"page","link":"https:\/\/www.fela.swiss\/fr\/billetterie\/distributeurs-de-tickets-mobiles-fixes\/","title":{"rendered":"Distributeurs de tickets mobiles | fixes"},"content":{"rendered":"","protected":false},"excerpt":{"rendered":"","protected":false},"author":1,"featured_media":0,"parent":4345,"menu_order":10,"comment_status":"closed","ping_status":"closed","template":"","meta":{"_acf_changed":false,"footnotes":"","_links_to":"","_links_to_target":""},"class_list":["post-4503","page","type-page","status-publish","hentry"],"acf":[],"yoast_head":"<!-- This site is optimized with the Yoast SEO plugin v26.8 - https:\/\/yoast.com\/product\/yoast-seo-wordpress\/ -->\n<title>Distributeurs de tickets mobiles | fixes - FELA Management AG<\/title>\n<meta name=\"robots\" content=\"index, follow, max-snippet:-1, max-image-preview:large, max-video-preview:-1\" \/>\n<link rel=\"canonical\" href=\"https:\/\/www.fela.swiss\/fr\/billetterie\/distributeurs-de-tickets-mobiles-fixes\/\" \/>\n<meta property=\"og:locale\" content=\"fr_FR\" \/>\n<meta property=\"og:type\" content=\"article\" \/>\n<meta property=\"og:title\" content=\"Distributeurs de tickets mobiles | fixes - FELA Management AG\" \/>\n<meta property=\"og:url\" content=\"https:\/\/www.fela.swiss\/fr\/billetterie\/distributeurs-de-tickets-mobiles-fixes\/\" \/>\n<meta property=\"og:site_name\" content=\"FELA Management AG\" \/>\n<meta property=\"article:modified_time\" content=\"2024-04-29T14:03:11+00:00\" \/>\n<meta name=\"twitter:card\" content=\"summary_large_image\" \/>\n<script type=\"application\/ld+json\" class=\"yoast-schema-graph\">{\"@context\":\"https:\/\/schema.org\",\"@graph\":[{\"@type\":\"WebPage\",\"@id\":\"https:\/\/www.fela.swiss\/fr\/billetterie\/distributeurs-de-tickets-mobiles-fixes\/\",\"url\":\"https:\/\/www.fela.swiss\/fr\/billetterie\/distributeurs-de-tickets-mobiles-fixes\/\",\"name\":\"Distributeurs de tickets mobiles | fixes - FELA Management AG\",\"isPartOf\":{\"@id\":\"https:\/\/www.fela.swiss\/fr\/#website\"},\"datePublished\":\"2019-10-30T11:43:08+00:00\",\"dateModified\":\"2024-04-29T14:03:11+00:00\",\"breadcrumb\":{\"@id\":\"https:\/\/www.fela.swiss\/fr\/billetterie\/distributeurs-de-tickets-mobiles-fixes\/#breadcrumb\"},\"inLanguage\":\"fr-FR\",\"potentialAction\":[{\"@type\":\"ReadAction\",\"target\":[\"https:\/\/www.fela.swiss\/fr\/billetterie\/distributeurs-de-tickets-mobiles-fixes\/\"]}]},{\"@type\":\"BreadcrumbList\",\"@id\":\"https:\/\/www.fela.swiss\/fr\/billetterie\/distributeurs-de-tickets-mobiles-fixes\/#breadcrumb\",\"itemListElement\":[{\"@type\":\"ListItem\",\"position\":1,\"name\":\"Startseite\",\"item\":\"https:\/\/www.fela.swiss\/fr\/\"},{\"@type\":\"ListItem\",\"position\":2,\"name\":\"Produits &#8211; ALT\",\"item\":\"https:\/\/www.fela.swiss\/fr\/fela-produkte\/\"},{\"@type\":\"ListItem\",\"position\":3,\"name\":\"Billetterie\",\"item\":\"https:\/\/www.fela.swiss\/fr\/fela-produkte\/ticketing\/\"},{\"@type\":\"ListItem\",\"position\":4,\"name\":\"Distributeurs de tickets mobiles | fixes\"}]},{\"@type\":\"WebSite\",\"@id\":\"https:\/\/www.fela.swiss\/fr\/#website\",\"url\":\"https:\/\/www.fela.swiss\/fr\/\",\"name\":\"FELA Management AG\",\"description\":\"Individuelle Systeml\u00f6sungen f\u00fcr den \u00f6ffentlichen Verkehr\",\"potentialAction\":[{\"@type\":\"SearchAction\",\"target\":{\"@type\":\"EntryPoint\",\"urlTemplate\":\"https:\/\/www.fela.swiss\/fr\/?s={search_term_string}\"},\"query-input\":{\"@type\":\"PropertyValueSpecification\",\"valueRequired\":true,\"valueName\":\"search_term_string\"}}],\"inLanguage\":\"fr-FR\"}]}<\/script>\n<!-- \/ Yoast SEO plugin. -->","yoast_head_json":{"title":"Distributeurs de tickets mobiles | fixes - FELA Management AG","robots":{"index":"index","follow":"follow","max-snippet":"max-snippet:-1","max-image-preview":"max-image-preview:large","max-video-preview":"max-video-preview:-1"},"canonical":"https:\/\/www.fela.swiss\/fr\/billetterie\/distributeurs-de-tickets-mobiles-fixes\/","og_locale":"fr_FR","og_type":"article","og_title":"Distributeurs de tickets mobiles | fixes - FELA Management AG","og_url":"https:\/\/www.fela.swiss\/fr\/billetterie\/distributeurs-de-tickets-mobiles-fixes\/","og_site_name":"FELA Management AG","article_modified_time":"2024-04-29T14:03:11+00:00","twitter_card":"summary_large_image","schema":{"@context":"https:\/\/schema.org","@graph":[{"@type":"WebPage","@id":"https:\/\/www.fela.swiss\/fr\/billetterie\/distributeurs-de-tickets-mobiles-fixes\/","url":"https:\/\/www.fela.swiss\/fr\/billetterie\/distributeurs-de-tickets-mobiles-fixes\/","name":"Distributeurs de tickets mobiles | fixes - FELA Management AG","isPartOf":{"@id":"https:\/\/www.fela.swiss\/fr\/#website"},"datePublished":"2019-10-30T11:43:08+00:00","dateModified":"2024-04-29T14:03:11+00:00","breadcrumb":{"@id":"https:\/\/www.fela.swiss\/fr\/billetterie\/distributeurs-de-tickets-mobiles-fixes\/#breadcrumb"},"inLanguage":"fr-FR","potentialAction":[{"@type":"ReadAction","target":["https:\/\/www.fela.swiss\/fr\/billetterie\/distributeurs-de-tickets-mobiles-fixes\/"]}]},{"@type":"BreadcrumbList","@id":"https:\/\/www.fela.swiss\/fr\/billetterie\/distributeurs-de-tickets-mobiles-fixes\/#breadcrumb","itemListElement":[{"@type":"ListItem","position":1,"name":"Startseite","item":"https:\/\/www.fela.swiss\/fr\/"},{"@type":"ListItem","position":2,"name":"Produits &#8211; ALT","item":"https:\/\/www.fela.swiss\/fr\/fela-produkte\/"},{"@type":"ListItem","position":3,"name":"Billetterie","item":"https:\/\/www.fela.swiss\/fr\/fela-produkte\/ticketing\/"},{"@type":"ListItem","position":4,"name":"Distributeurs de tickets mobiles | fixes"}]},{"@type":"WebSite","@id":"https:\/\/www.fela.swiss\/fr\/#website","url":"https:\/\/www.fela.swiss\/fr\/","name":"FELA Management AG","description":"Individuelle Systeml\u00f6sungen f\u00fcr den \u00f6ffentlichen Verkehr","potentialAction":[{"@type":"SearchAction","target":{"@type":"EntryPoint","urlTemplate":"https:\/\/www.fela.swiss\/fr\/?s={search_term_string}"},"query-input":{"@type":"PropertyValueSpecification","valueRequired":true,"valueName":"search_term_string"}}],"inLanguage":"fr-FR"}]}},"_links":{"self":[{"href":"https:\/\/www.fela.swiss\/fr\/wp-json\/wp\/v2\/pages\/4503","targetHints":{"allow":["GET"]}}],"collection":[{"href":"https:\/\/www.fela.swiss\/fr\/wp-json\/wp\/v2\/pages"}],"about":[{"href":"https:\/\/www.fela.swiss\/fr\/wp-json\/wp\/v2\/types\/page"}],"author":[{"embeddable":true,"href":"https:\/\/www.fela.swiss\/fr\/wp-json\/wp\/v2\/users\/1"}],"replies":[{"embeddable":true,"href":"https:\/\/www.fela.swiss\/fr\/wp-json\/wp\/v2\/comments?post=4503"}],"version-history":[{"count":8,"href":"https:\/\/www.fela.swiss\/fr\/wp-json\/wp\/v2\/pages\/4503\/revisions"}],"predecessor-version":[{"id":20120,"href":"https:\/\/www.fela.swiss\/fr\/wp-json\/wp\/v2\/pages\/4503\/revisions\/20120"}],"up":[{"embeddable":true,"href":"https:\/\/www.fela.swiss\/fr\/wp-json\/wp\/v2\/pages\/4345"}],"wp:attachment":[{"href":"https:\/\/www.fela.swiss\/fr\/wp-json\/wp\/v2\/media?parent=4503"}],"curies":[{"name":"wp","href":"https:\/\/api.w.org\/{rel}","templated":true}]}}